{"id":1586,"date":"2024-04-29T07:14:30","date_gmt":"2024-04-29T07:14:30","guid":{"rendered":"https:\/\/pragma-advocats.com\/phishing\/"},"modified":"2024-05-03T09:10:56","modified_gmt":"2024-05-03T09:10:56","slug":"phishing","status":"publish","type":"page","link":"https:\/\/pragma-advocats.com\/ca\/phishing\/","title":{"rendered":"PHISHING"},"content":{"rendered":"<div id='full_slider_1'  class='avia-fullwidth-slider main_color avia-shadow av-small-hide av-mini-hide  avia-builder-el-0  el_before_av_slideshow_full  avia-builder-el-first   container_wrap fullsize'  ><div  class='avia-slideshow av-lvkmohqi-c28451f2e227fe94c50f461fdb1af954 avia-slideshow-featured av_slideshow_full avia-slide-slider av-small-hide av-mini-hide av-slideshow-ui av-control-default av-slideshow-autoplay av-loop-endless av-loop-manual-endless av-default-height-applied   avia-slideshow-1' data-slideshow-options=\"{&quot;animation&quot;:&quot;slide&quot;,&quot;autoplay&quot;:true,&quot;loop_autoplay&quot;:&quot;endless&quot;,&quot;interval&quot;:3,&quot;loop_manual&quot;:&quot;manual-endless&quot;,&quot;autoplay_stopper&quot;:false,&quot;noNavigation&quot;:false,&quot;bg_slider&quot;:false,&quot;keep_padding&quot;:false,&quot;hoverpause&quot;:false,&quot;show_slide_delay&quot;:0}\"  itemprop=\"image\" itemscope=\"itemscope\" itemtype=\"https:\/\/schema.org\/ImageObject\" ><ul class='avia-slideshow-inner ' style='padding-bottom: 28.666666666667%;'><li  class='avia-slideshow-slide av-lvkmohqi-c28451f2e227fe94c50f461fdb1af954__0  av-single-slide slide-1 slide-odd'><div data-rel='slideshow-1' class='avia-slide-wrap '   ><img decoding=\"async\" fetchpriority=\"high\" class=\"wp-image-1580 avia-img-lazy-loading-not-1580\"  src=\"https:\/\/pragma-advocats.com\/wp-content\/uploads\/2024\/04\/SliderServeis-Phising-Pragma-1-1500x430.png\" width=\"1500\" height=\"430\" title='SliderServeis-Phising-Pragma' alt=''  itemprop=\"thumbnailUrl\" srcset=\"https:\/\/pragma-advocats.com\/wp-content\/uploads\/2024\/04\/SliderServeis-Phising-Pragma-1.png 1500w, https:\/\/pragma-advocats.com\/wp-content\/uploads\/2024\/04\/SliderServeis-Phising-Pragma-1-300x86.png 300w, https:\/\/pragma-advocats.com\/wp-content\/uploads\/2024\/04\/SliderServeis-Phising-Pragma-1-1030x295.png 1030w, https:\/\/pragma-advocats.com\/wp-content\/uploads\/2024\/04\/SliderServeis-Phising-Pragma-1-768x220.png 768w, https:\/\/pragma-advocats.com\/wp-content\/uploads\/2024\/04\/SliderServeis-Phising-Pragma-1-705x202.png 705w\" sizes=\"(max-width: 1500px) 100vw, 1500px\" \/><\/div><\/li><\/ul><\/div><\/div>\n<div id='full_slider_2'  class='avia-fullwidth-slider main_color avia-shadow av-desktop-hide av-medium-hide  avia-builder-el-1  el_after_av_slideshow_full  el_before_av_section   slider-not-first container_wrap fullsize'  ><div  class='avia-slideshow av-lvkmoubr-7a6d51258f07675530445e07ada9248f avia-slideshow-featured av_slideshow_full avia-slide-slider av-desktop-hide av-medium-hide av-slideshow-ui av-control-default av-slideshow-autoplay av-loop-endless av-loop-manual-endless av-default-height-applied   avia-slideshow-2' data-slideshow-options=\"{&quot;animation&quot;:&quot;slide&quot;,&quot;autoplay&quot;:true,&quot;loop_autoplay&quot;:&quot;endless&quot;,&quot;interval&quot;:3,&quot;loop_manual&quot;:&quot;manual-endless&quot;,&quot;autoplay_stopper&quot;:false,&quot;noNavigation&quot;:false,&quot;bg_slider&quot;:false,&quot;keep_padding&quot;:false,&quot;hoverpause&quot;:false,&quot;show_slide_delay&quot;:0}\"  itemprop=\"image\" itemscope=\"itemscope\" itemtype=\"https:\/\/schema.org\/ImageObject\" ><ul class='avia-slideshow-inner ' style='padding-bottom: 71.666666666667%;'><li  class='avia-slideshow-slide av-lvkmoubr-7a6d51258f07675530445e07ada9248f__0  av-single-slide slide-1 slide-odd'><div data-rel='slideshow-2' class='avia-slide-wrap '   ><img decoding=\"async\" fetchpriority=\"high\" class=\"wp-image-1574 avia-img-lazy-loading-not-1574\"  src=\"https:\/\/pragma-advocats.com\/wp-content\/uploads\/2024\/04\/SliderServeis-Phising-Pragma-Mvl-600x430.png\" width=\"600\" height=\"430\" title='SliderServeis-Phising-Pragma-Mvl' alt=''  itemprop=\"thumbnailUrl\" srcset=\"https:\/\/pragma-advocats.com\/wp-content\/uploads\/2024\/04\/SliderServeis-Phising-Pragma-Mvl-600x430.png 600w, https:\/\/pragma-advocats.com\/wp-content\/uploads\/2024\/04\/SliderServeis-Phising-Pragma-Mvl-260x185.png 260w\" sizes=\"(max-width: 600px) 100vw, 600px\" \/><\/div><\/li><\/ul><\/div><\/div>\n<div id='av_section_1'  class='avia-section av-55fwzx-fefe95b2d258900ae4d1b5b0249884b3 main_color avia-section-default avia-no-border-styling  avia-builder-el-2  el_after_av_slideshow_full  avia-builder-el-last  avia-bg-style-scroll container_wrap fullsize'  ><div class='container av-section-cont-open' ><div class='template-page content  av-content-full alpha units'><div class='post-entry post-entry-type-page post-entry-1586'><div class='entry-content-wrapper clearfix'>\n\n<style type=\"text\/css\" data-created_by=\"avia_inline_auto\" id=\"style-css-av-4x6mu5-384f18600fb0b1fe6faf4909760df9ee\">\n.flex_column.av-4x6mu5-384f18600fb0b1fe6faf4909760df9ee{\nborder-radius:0px 0px 0px 0px;\npadding:0px 0px 0px 0px;\n}\n<\/style>\n<div  class='flex_column av-4x6mu5-384f18600fb0b1fe6faf4909760df9ee av_one_full  avia-builder-el-3  avia-builder-el-no-sibling  first flex_column_div av-zero-column-padding  '     ><style type=\"text\/css\" data-created_by=\"avia_inline_auto\" id=\"style-css-av-lvkmk45v-2f2656a91e5a0c1443966d0218dfeed6\">\n#top .av_textblock_section.av-lvkmk45v-2f2656a91e5a0c1443966d0218dfeed6 .avia_textblock{\ncolor:#757575;\n}\n<\/style>\n<section  class='av_textblock_section av-lvkmk45v-2f2656a91e5a0c1443966d0218dfeed6 '   itemscope=\"itemscope\" itemtype=\"https:\/\/schema.org\/CreativeWork\" ><div class='avia_textblock av_inherit_color'  itemprop=\"text\" ><h2 style=\"text-align: center;\">PHISHING: RECLAMA AL BANC I RECUPERA ELS TEUS DINERS<\/h2>\n<\/div><\/section><br \/>\n\n<style type=\"text\/css\" data-created_by=\"avia_inline_auto\" id=\"style-css-av-263ocd-0e630c3fc513783335cbddbe655c34c1\">\n#top .hr.av-263ocd-0e630c3fc513783335cbddbe655c34c1{\nmargin-top:10px;\nmargin-bottom:10px;\n}\n.hr.av-263ocd-0e630c3fc513783335cbddbe655c34c1 .hr-inner{\nwidth:80px;\nborder-color:#757575;\n}\n<\/style>\n<div  class='hr av-263ocd-0e630c3fc513783335cbddbe655c34c1 hr-custom  avia-builder-el-5  el_after_av_textblock  el_before_av_textblock  hr-center hr-icon-no'><span class='hr-inner inner-border-av-border-thin'><span class=\"hr-inner-style\"><\/span><\/span><\/div><br \/>\n\n<style type=\"text\/css\" data-created_by=\"avia_inline_auto\" id=\"style-css-av-lvkmknrx-67afe03e53bc8f861d9957b0363f81e6\">\n#top .av_textblock_section.av-lvkmknrx-67afe03e53bc8f861d9957b0363f81e6 .avia_textblock{\ncolor:#757575;\n}\n<\/style>\n<section  class='av_textblock_section av-lvkmknrx-67afe03e53bc8f861d9957b0363f81e6 '   itemscope=\"itemscope\" itemtype=\"https:\/\/schema.org\/CreativeWork\" ><div class='avia_textblock av_inherit_color'  itemprop=\"text\" ><p style=\"text-align: center;\">Di\u00e0riament, augmenta el nombre de v\u00edctimes de robatori mitjan\u00e7ant<strong> phishing de dades de comptes bancaris.<\/strong><\/p>\n<p style=\"text-align: center;\">Es tracta d&#8217;un delicte que, en realitat, consisteix en una estafa duta a terme a trav\u00e9s de mitjans digitals: el m\u00e9s habitual \u00e9s rebre un correu o SMS en el qual se&#8217;ns sol\u00b7liciten dades suplantant la identitat d&#8217;una empresa o entitat p\u00fablica coneguda (un banc, Hisenda, Seguretat Social&#8230;) amb la finalitat de perjudicar-nos econ\u00f2micament.<\/p>\n<p style=\"text-align: center;\"><strong>Si t&#8217;ha ocorregut<\/strong>, reclamem <strong>la devoluci\u00f3 completa dels diners a l&#8217;entitat financera<\/strong> com a responsable de la seva cust\u00f2dia i d&#8217;implementar els mecanismes de seguretat pertinents.<\/p>\n<p style=\"text-align: center;\"><strong>\u00c9s possible recuperar els diners perduts reclamant a la banca<\/strong><\/p>\n<p style=\"text-align: center;\">Contra abusos per part d&#8217;entitats banc\u00e0ries, si has estat v\u00edctima d&#8217;un delicte de phishing bancari o et trobes en una situaci\u00f3 de conflicte amb la teva entitat banc\u00e0ria, <strong>contacta amb el nostre despatx.<\/strong><\/p>\n<\/div><\/section><\/p><\/div>\n","protected":false},"excerpt":{"rendered":"","protected":false},"author":2,"featured_media":0,"parent":0,"menu_order":0,"comment_status":"closed","ping_status":"closed","template":"","meta":{"_joinchat":[],"footnotes":""},"class_list":["post-1586","page","type-page","status-publish","hentry"],"yoast_head":"<!-- This site is optimized with the Yoast SEO plugin v27.4 - https:\/\/yoast.com\/product\/yoast-seo-wordpress\/ -->\n<title>PHISHING - Pragma Advocats<\/title>\n<meta name=\"robots\" content=\"index, follow, max-snippet:-1, max-image-preview:large, max-video-preview:-1\" \/>\n<link rel=\"canonical\" href=\"https:\/\/pragma-advocats.com\/ca\/phishing\/\" \/>\n<meta property=\"og:locale\" content=\"ca_ES\" \/>\n<meta property=\"og:type\" content=\"article\" \/>\n<meta property=\"og:title\" content=\"PHISHING - Pragma Advocats\" \/>\n<meta property=\"og:url\" content=\"https:\/\/pragma-advocats.com\/ca\/phishing\/\" \/>\n<meta property=\"og:site_name\" content=\"Pragma Advocats\" \/>\n<meta property=\"article:modified_time\" content=\"2024-05-03T09:10:56+00:00\" \/>\n<meta name=\"twitter:card\" content=\"summary_large_image\" \/>\n<meta name=\"twitter:site\" content=\"@pragmaadvocats\" \/>\n<meta name=\"twitter:label1\" content=\"Temps estimat de lectura\" \/>\n\t<meta name=\"twitter:data1\" content=\"3 minuts\" \/>\n<script type=\"application\/ld+json\" class=\"yoast-schema-graph\">{\"@context\":\"https:\\\/\\\/schema.org\",\"@graph\":[{\"@type\":\"WebPage\",\"@id\":\"https:\\\/\\\/pragma-advocats.com\\\/ca\\\/phishing\\\/\",\"url\":\"https:\\\/\\\/pragma-advocats.com\\\/ca\\\/phishing\\\/\",\"name\":\"PHISHING - Pragma Advocats\",\"isPartOf\":{\"@id\":\"https:\\\/\\\/pragma-advocats.com\\\/#website\"},\"datePublished\":\"2024-04-29T07:14:30+00:00\",\"dateModified\":\"2024-05-03T09:10:56+00:00\",\"breadcrumb\":{\"@id\":\"https:\\\/\\\/pragma-advocats.com\\\/ca\\\/phishing\\\/#breadcrumb\"},\"inLanguage\":\"ca\",\"potentialAction\":[{\"@type\":\"ReadAction\",\"target\":[\"https:\\\/\\\/pragma-advocats.com\\\/ca\\\/phishing\\\/\"]}]},{\"@type\":\"BreadcrumbList\",\"@id\":\"https:\\\/\\\/pragma-advocats.com\\\/ca\\\/phishing\\\/#breadcrumb\",\"itemListElement\":[{\"@type\":\"ListItem\",\"position\":1,\"name\":\"Portada\",\"item\":\"https:\\\/\\\/pragma-advocats.com\\\/ca\\\/inici\\\/\"},{\"@type\":\"ListItem\",\"position\":2,\"name\":\"PHISHING\"}]},{\"@type\":\"WebSite\",\"@id\":\"https:\\\/\\\/pragma-advocats.com\\\/#website\",\"url\":\"https:\\\/\\\/pragma-advocats.com\\\/\",\"name\":\"Pragma Advocats\",\"description\":\"Just another WordPress site\",\"potentialAction\":[{\"@type\":\"SearchAction\",\"target\":{\"@type\":\"EntryPoint\",\"urlTemplate\":\"https:\\\/\\\/pragma-advocats.com\\\/?s={search_term_string}\"},\"query-input\":{\"@type\":\"PropertyValueSpecification\",\"valueRequired\":true,\"valueName\":\"search_term_string\"}}],\"inLanguage\":\"ca\"}]}<\/script>\n<!-- \/ Yoast SEO plugin. -->","yoast_head_json":{"title":"PHISHING - Pragma Advocats","robots":{"index":"index","follow":"follow","max-snippet":"max-snippet:-1","max-image-preview":"max-image-preview:large","max-video-preview":"max-video-preview:-1"},"canonical":"https:\/\/pragma-advocats.com\/ca\/phishing\/","og_locale":"ca_ES","og_type":"article","og_title":"PHISHING - Pragma Advocats","og_url":"https:\/\/pragma-advocats.com\/ca\/phishing\/","og_site_name":"Pragma Advocats","article_modified_time":"2024-05-03T09:10:56+00:00","twitter_card":"summary_large_image","twitter_site":"@pragmaadvocats","twitter_misc":{"Temps estimat de lectura":"3 minuts"},"schema":{"@context":"https:\/\/schema.org","@graph":[{"@type":"WebPage","@id":"https:\/\/pragma-advocats.com\/ca\/phishing\/","url":"https:\/\/pragma-advocats.com\/ca\/phishing\/","name":"PHISHING - Pragma Advocats","isPartOf":{"@id":"https:\/\/pragma-advocats.com\/#website"},"datePublished":"2024-04-29T07:14:30+00:00","dateModified":"2024-05-03T09:10:56+00:00","breadcrumb":{"@id":"https:\/\/pragma-advocats.com\/ca\/phishing\/#breadcrumb"},"inLanguage":"ca","potentialAction":[{"@type":"ReadAction","target":["https:\/\/pragma-advocats.com\/ca\/phishing\/"]}]},{"@type":"BreadcrumbList","@id":"https:\/\/pragma-advocats.com\/ca\/phishing\/#breadcrumb","itemListElement":[{"@type":"ListItem","position":1,"name":"Portada","item":"https:\/\/pragma-advocats.com\/ca\/inici\/"},{"@type":"ListItem","position":2,"name":"PHISHING"}]},{"@type":"WebSite","@id":"https:\/\/pragma-advocats.com\/#website","url":"https:\/\/pragma-advocats.com\/","name":"Pragma Advocats","description":"Just another WordPress site","potentialAction":[{"@type":"SearchAction","target":{"@type":"EntryPoint","urlTemplate":"https:\/\/pragma-advocats.com\/?s={search_term_string}"},"query-input":{"@type":"PropertyValueSpecification","valueRequired":true,"valueName":"search_term_string"}}],"inLanguage":"ca"}]}},"_links":{"self":[{"href":"https:\/\/pragma-advocats.com\/ca\/wp-json\/wp\/v2\/pages\/1586","targetHints":{"allow":["GET"]}}],"collection":[{"href":"https:\/\/pragma-advocats.com\/ca\/wp-json\/wp\/v2\/pages"}],"about":[{"href":"https:\/\/pragma-advocats.com\/ca\/wp-json\/wp\/v2\/types\/page"}],"author":[{"embeddable":true,"href":"https:\/\/pragma-advocats.com\/ca\/wp-json\/wp\/v2\/users\/2"}],"replies":[{"embeddable":true,"href":"https:\/\/pragma-advocats.com\/ca\/wp-json\/wp\/v2\/comments?post=1586"}],"version-history":[{"count":0,"href":"https:\/\/pragma-advocats.com\/ca\/wp-json\/wp\/v2\/pages\/1586\/revisions"}],"wp:attachment":[{"href":"https:\/\/pragma-advocats.com\/ca\/wp-json\/wp\/v2\/media?parent=1586"}],"curies":[{"name":"wp","href":"https:\/\/api.w.org\/{rel}","templated":true}]}}