{"id":699,"date":"2021-02-08T11:48:58","date_gmt":"2021-02-08T11:48:58","guid":{"rendered":"https:\/\/pragma.clonica.net\/socias\/"},"modified":"2021-03-04T12:43:06","modified_gmt":"2021-03-04T12:43:06","slug":"socies","status":"publish","type":"page","link":"https:\/\/pragma-advocats.com\/ca\/socies\/","title":{"rendered":"S\u00f2cies"},"content":{"rendered":"<div id='av_section_1'  class='avia-section av-78gu5-4bf6058412128242739ebd2336beb707 main_color avia-section-default avia-no-border-styling  avia-builder-el-0  el_before_av_layout_row  avia-builder-el-first  avia-bg-style-scroll container_wrap fullsize'  ><div class='container av-section-cont-open' ><main  role=\"main\" itemprop=\"mainContentOfPage\"  class='template-page content  av-content-full alpha units'><div class='post-entry post-entry-type-page post-entry-699'><div class='entry-content-wrapper clearfix'>\n\n<style type=\"text\/css\" data-created_by=\"avia_inline_auto\" id=\"style-css-av-1xd2l1-37e8813635c8b494f6a1e5b31f978c81\">\n.flex_column.av-1xd2l1-37e8813635c8b494f6a1e5b31f978c81{\nborder-radius:0px 0px 0px 0px;\npadding:0px 0px 0px 0px;\n}\n<\/style>\n<div  class='flex_column av-1xd2l1-37e8813635c8b494f6a1e5b31f978c81 av_one_full  avia-builder-el-1  avia-builder-el-no-sibling  first flex_column_div av-zero-column-padding  '     ><p>\n<style type=\"text\/css\" data-created_by=\"avia_inline_auto\" id=\"style-css-av-kkwis7fv-b636b988ae841d8fe2ebe30759b0ead0\">\n#top .hr.hr-invisible.av-kkwis7fv-b636b988ae841d8fe2ebe30759b0ead0{\nheight:50px;\n}\n<\/style>\n<div  class='hr av-kkwis7fv-b636b988ae841d8fe2ebe30759b0ead0 hr-invisible  avia-builder-el-2  el_before_av_textblock  avia-builder-el-first '><span class='hr-inner '><span class=\"hr-inner-style\"><\/span><\/span><\/div><br \/>\n\n<style type=\"text\/css\" data-created_by=\"avia_inline_auto\" id=\"style-css-av-kkf6gw87-991ec93798d35fbdcdcfd90db26c78d5\">\n#top .av_textblock_section.av-kkf6gw87-991ec93798d35fbdcdcfd90db26c78d5 .avia_textblock{\ncolor:#757575;\n}\n<\/style>\n<section  class='av_textblock_section av-kkf6gw87-991ec93798d35fbdcdcfd90db26c78d5 '   itemscope=\"itemscope\" itemtype=\"https:\/\/schema.org\/CreativeWork\" ><div class='avia_textblock av_inherit_color'  itemprop=\"text\" ><h2 style=\"text-align: center;\"><strong>TITULARS DEL DESPATX<\/strong><\/h2>\n<\/div><\/section><br \/>\n\n<style type=\"text\/css\" data-created_by=\"avia_inline_auto\" id=\"style-css-av-kkf6gw87-991ec93798d35fbdcdcfd90db26c78d5\">\n#top .av_textblock_section.av-kkf6gw87-991ec93798d35fbdcdcfd90db26c78d5 .avia_textblock{\ncolor:#757575;\n}\n<\/style>\n<section  class='av_textblock_section av-kkf6gw87-991ec93798d35fbdcdcfd90db26c78d5 '   itemscope=\"itemscope\" itemtype=\"https:\/\/schema.org\/CreativeWork\" ><div class='avia_textblock av_inherit_color'  itemprop=\"text\" ><p style=\"text-align: center;\">Servei professional amb gran dedicaci\u00f3<\/p>\n<\/div><\/section><br \/>\n\n<style type=\"text\/css\" data-created_by=\"avia_inline_auto\" id=\"style-css-av-kkf7cm6g-3b3269a5ee2970bf9e0484ae4dfff6e4\">\n#top .hr.av-kkf7cm6g-3b3269a5ee2970bf9e0484ae4dfff6e4{\nmargin-top:10px;\nmargin-bottom:10px;\n}\n.hr.av-kkf7cm6g-3b3269a5ee2970bf9e0484ae4dfff6e4 .hr-inner{\nwidth:80px;\nborder-color:#757575;\n}\n<\/style>\n<div  class='hr av-kkf7cm6g-3b3269a5ee2970bf9e0484ae4dfff6e4 hr-custom  avia-builder-el-5  el_after_av_textblock  avia-builder-el-last  hr-center hr-icon-no'><span class='hr-inner inner-border-av-border-thin'><span class=\"hr-inner-style\"><\/span><\/span><\/div><\/p><\/div>\n\n<\/div><\/div><\/main><!-- close content main element --><\/div><\/div><div id='av-layout-grid-1'  class='av-layout-grid-container av-11roso-9661911d6d84e7e96a99365b6b5129b4 entry-content-wrapper main_color av-border-top-bottom av-border-cells av-flex-cells  avia-builder-el-6  el_after_av_section  el_before_av_hr  grid-row-not-first  container_wrap fullsize'  >\n\n<style type=\"text\/css\" data-created_by=\"avia_inline_auto\" id=\"style-css-av-yqw4o-7483bce1447f1cb5a2f31df1bfe68eea\">\n.flex_cell.av-yqw4o-7483bce1447f1cb5a2f31df1bfe68eea{\nvertical-align:top;\n}\n.responsive #top #wrap_all .flex_cell.av-yqw4o-7483bce1447f1cb5a2f31df1bfe68eea{\npadding:0px 0px 0px 30px !important;\n}\n<\/style>\n<div class='flex_cell av-yqw4o-7483bce1447f1cb5a2f31df1bfe68eea av-gridrow-cell av_one_fourth no_margin  avia-builder-el-7  el_before_av_cell_three_fourth  avia-builder-el-first '  ><div class='flex_cell_inner'>\n<style type=\"text\/css\" data-created_by=\"avia_inline_auto\" id=\"style-css-av-kkwjxa7k-5a44ff81e665cd6ef89626d7fe82fc0f\">\n.avia-image-container.av-kkwjxa7k-5a44ff81e665cd6ef89626d7fe82fc0f img.avia_image{\nbox-shadow:none;\n}\n.avia-image-container.av-kkwjxa7k-5a44ff81e665cd6ef89626d7fe82fc0f .av-image-caption-overlay-center{\ncolor:#ffffff;\n}\n<\/style>\n<div  class='avia-image-container av-kkwjxa7k-5a44ff81e665cd6ef89626d7fe82fc0f av-styling- avia-align-center  avia-builder-el-8  avia-builder-el-no-sibling '   itemprop=\"image\" itemscope=\"itemscope\" itemtype=\"https:\/\/schema.org\/ImageObject\" ><div class=\"avia-image-container-inner\"><div class=\"avia-image-overlay-wrap\"><img decoding=\"async\" fetchpriority=\"high\" class='wp-image-650 avia-img-lazy-loading-not-650 avia_image ' src=\"https:\/\/pragma-advocats.com\/wp-content\/uploads\/2021\/02\/SOCIAS_SANDRA.jpg\" alt='' title='SOCIAS_SANDRA'  height=\"600\" width=\"600\"  itemprop=\"thumbnailUrl\" srcset=\"https:\/\/pragma-advocats.com\/wp-content\/uploads\/2021\/02\/SOCIAS_SANDRA.jpg 600w, https:\/\/pragma-advocats.com\/wp-content\/uploads\/2021\/02\/SOCIAS_SANDRA-300x300.jpg 300w, https:\/\/pragma-advocats.com\/wp-content\/uploads\/2021\/02\/SOCIAS_SANDRA-80x80.jpg 80w, https:\/\/pragma-advocats.com\/wp-content\/uploads\/2021\/02\/SOCIAS_SANDRA-36x36.jpg 36w, https:\/\/pragma-advocats.com\/wp-content\/uploads\/2021\/02\/SOCIAS_SANDRA-180x180.jpg 180w\" sizes=\"(max-width: 600px) 100vw, 600px\" \/><\/div><\/div><\/div>\n<\/div><\/div><div class='flex_cell av-s8k68-89c4d7a1fc3e88aefeb1fa81bee703a2 av-gridrow-cell av_three_fourth no_margin  avia-builder-el-9  el_after_av_cell_one_fourth  avia-builder-el-last '  ><div class='flex_cell_inner'><p>\n<style type=\"text\/css\" data-created_by=\"avia_inline_auto\" id=\"style-css-av-kkf7cm6g-fc9b37d3ffbada660a9f9a8f60adfe7b\">\n#top .hr.hr-invisible.av-kkf7cm6g-fc9b37d3ffbada660a9f9a8f60adfe7b{\nheight:50px;\n}\n<\/style>\n<div  class='hr av-kkf7cm6g-fc9b37d3ffbada660a9f9a8f60adfe7b hr-invisible  avia-builder-el-10  el_before_av_textblock  avia-builder-el-first '><span class='hr-inner '><span class=\"hr-inner-style\"><\/span><\/span><\/div><br \/>\n\n<style type=\"text\/css\" data-created_by=\"avia_inline_auto\" id=\"style-css-av-kkf6gw87-991ec93798d35fbdcdcfd90db26c78d5\">\n#top .av_textblock_section.av-kkf6gw87-991ec93798d35fbdcdcfd90db26c78d5 .avia_textblock{\ncolor:#757575;\n}\n<\/style>\n<section  class='av_textblock_section av-kkf6gw87-991ec93798d35fbdcdcfd90db26c78d5 '   itemscope=\"itemscope\" itemtype=\"https:\/\/schema.org\/CreativeWork\" ><div class='avia_textblock av_inherit_color'  itemprop=\"text\" ><h2 style=\"text-align: left;\"><strong>Sandra Mena<\/strong><\/h2>\n<\/div><\/section><br \/>\n<section  class='av_textblock_section av-kkwihu3i-c094e9ed73aeb44a881b80abf8ea5f61 '   itemscope=\"itemscope\" itemtype=\"https:\/\/schema.org\/CreativeWork\" ><div class='avia_textblock'  itemprop=\"text\" ><p class=\"p1\" style=\"text-align: left;\">Llicenciada en Dret per la Universitat de Girona, M\u00e0ster en Dret de la Construcci\u00f3, Immobiliari i Urbanisme per la Universitat Pompeu Fabra. Postgrau en her\u00e8ncies i testaments per la Universitat de Barcelona. Membre del Col\u00b7legi d\u2019Advocats de Barcelona.<\/p>\n<p class=\"p1\" style=\"text-align: left;\"><strong>Especialista en Dret Civil: bancari, her\u00e8ncies, immobiliari, construcci\u00f3 i defensa dels consumidors.<\/strong><\/p>\n<p>Compte amb una llarga formaci\u00f3 i especialitzada traject\u00f2ria davant dels Tribunals Civils. Amb formaci\u00f3 especialitzada mitjan\u00e7ant l&#8217;assist\u00e8ncia a les seg\u00fcents formacions: Jornada de Execucions Hipotec\u00e0ries de l&#8217;Iltre. Col\u00b7legi d&#8217;Advocats de Barcelona; Seminari de Participacions Preferents i Deute Subordinada; Seminari del recurs de cassaci\u00f3 a Catalunya i davant del Tribunal Suprem; Seminari de Derivats Financers; Taula Rodona del Cercle Legal sobre la Nulitat d&#8217;Avals y altres Operacions Banc\u00e0ries subscrites per particulars; Congr\u00e9s de Dret Immobiliari de l&#8217;Iltre. Col\u00b7legi d&#8217;Advocats de Barcelona, sobre l&#8217;ocupaci\u00f3 il\u00b7legal de vivendes; Seminari sobre els efectius jur\u00eddics del COVID-19 en els contractes d&#8217;arrendament.<\/p>\n<\/div><\/section><\/p>\n<\/div><\/div>\n<\/div><div id='after_grid_row_1'  class='main_color av_default_container_wrap container_wrap fullsize'  ><div class='container av-section-cont-open' ><div class='template-page content  av-content-full alpha units'><div class='post-entry post-entry-type-page post-entry-699'><div class='entry-content-wrapper clearfix'>\n\n<style type=\"text\/css\" data-created_by=\"avia_inline_auto\" id=\"style-css-av-kkwkd0nc-31b1a499c8e1e83fe8ccd97c6e4d9a18\">\n#top .hr.av-kkwkd0nc-31b1a499c8e1e83fe8ccd97c6e4d9a18{\nmargin-top:30px;\nmargin-bottom:30px;\n}\n.hr.av-kkwkd0nc-31b1a499c8e1e83fe8ccd97c6e4d9a18 .hr-inner{\nwidth:500px;\nborder-color:#757575;\nmax-width:45%;\n}\n.hr.av-kkwkd0nc-31b1a499c8e1e83fe8ccd97c6e4d9a18 .av-seperator-icon{\ncolor:#757575;\n}\n<\/style>\n<div  class='hr av-kkwkd0nc-31b1a499c8e1e83fe8ccd97c6e4d9a18 hr-custom  avia-builder-el-13  el_after_av_layout_row  el_before_av_layout_row  avia-builder-el-no-sibling  hr-center hr-icon-yes'><span class='hr-inner inner-border-av-border-thin'><span class=\"hr-inner-style\"><\/span><\/span><span class='av-seperator-icon' aria-hidden='true' data-av_icon='\ue808' data-av_iconfont='entypo-fontello'><\/span><span class='hr-inner inner-border-av-border-thin'><span class=\"hr-inner-style\"><\/span><\/span><\/div>\n<\/div><\/div><\/div><!-- close content main div --><\/div><\/div><div id='av-layout-grid-2'  class='av-layout-grid-container av-ikiuo-f35c324184db4a7a2422423c4346a894 entry-content-wrapper main_color av-flex-cells  avia-builder-el-14  el_after_av_hr  el_before_av_hr  grid-row-not-first  container_wrap fullsize'  >\n<div class='flex_cell av-dktps-c2161b4a74f38f13a7283247e3586440 av-gridrow-cell av_three_fourth no_margin  avia-builder-el-15  el_before_av_cell_one_fourth  avia-builder-el-first '  ><div class='flex_cell_inner'>\n<style type=\"text\/css\" data-created_by=\"avia_inline_auto\" id=\"style-css-av-kkf6gw87-991ec93798d35fbdcdcfd90db26c78d5\">\n#top .av_textblock_section.av-kkf6gw87-991ec93798d35fbdcdcfd90db26c78d5 .avia_textblock{\ncolor:#757575;\n}\n<\/style>\n<section  class='av_textblock_section av-kkf6gw87-991ec93798d35fbdcdcfd90db26c78d5 '   itemscope=\"itemscope\" itemtype=\"https:\/\/schema.org\/CreativeWork\" ><div class='avia_textblock av_inherit_color'  itemprop=\"text\" ><h2 style=\"text-align: right;\"><strong>Thais Delgado<\/strong><\/h2>\n<\/div><\/section><br \/>\n<section  class='av_textblock_section av-kkwii9ae-2244f078cb5d4f807f667d26e8483a53 '   itemscope=\"itemscope\" itemtype=\"https:\/\/schema.org\/CreativeWork\" ><div class='avia_textblock'  itemprop=\"text\" ><p class=\"p1\" style=\"text-align: right;\">Llicenciada en Dret,\u00a0<strong>especialista en Dret de Fam\u00edlia i M\u00e0ster d\u2019empresa i Corporate Finance a la universitat *ESADE.<\/strong>\u00a0Col\u00b7legiada de l\u2019Il\u00b7lustre Col\u00b7legi d\u2019Advocats de Barcelona.<\/p>\n<p style=\"text-align: right;\">Advocada especialista en fam\u00edlia, de la\u00a0<strong>Societat Catalana d\u2019Advocats de Fam\u00edlia\u00a0<a href=\"http:\/\/scaf.cat\/index.php?option=com_qcontacts&amp;view=category&amp;catid=58&amp;Itemid=69\">(SCAF)<\/a><\/strong><\/p>\n<p class=\"p1\" style=\"text-align: right;\">Amb formaci\u00f3 especialitzada mitjan\u00e7ant l\u2019assist\u00e8ncia a les seg\u00fcents formacions: Curs de Mediaci\u00f3 Familiar; Seminari de Participacions Preferents i Deute Subordinat; Jornades en relaci\u00f3 al nou Codi de Fam\u00edlia Catal\u00e0; Seminari del recurs de cassaci\u00f3 a Catalunya i davant el Tribunal Suprem; Seminari de Derivats Financers;\u00a0\u00a0Jornades de fiscalitat en el Dret de Fam\u00edlia de Catalunya i Espanya; Participaci\u00f3 en el Les Jornades de Dret de Fam\u00edlia de la Societat Catalana d\u2019Advocats De Fam\u00edlia; Jornada Sobre el Proc\u00e9s de Substracci\u00f3 de Menors en el Conveni del Faig (Associaci\u00f3 de Professionals contra la Substracci\u00f3 Internacional de Menors a Espanya). Coordinadora Confer\u00e8ncia EUCEN -European Universities Continuing Network del IDEC (Institut d\u2019Educaci\u00f3 Cont\u00ednua \u2013 Universitat Pompeu Fabra).<\/p>\n<p class=\"p1\" style=\"text-align: right;\"><strong>Biling\u00fce en angl\u00e8s. Va formar part de l\u2019Equip Consular del Consolat Brit\u00e0nic a Barcelona durant els anys 2000 i 2001.<\/strong><\/p>\n<p style=\"text-align: right;\"><em>Participant en el Seminari Online d&#8217;<\/em><em>Experts<\/em> <strong><em>New rules for international families &#8211; revised Brussels II ter regime<\/em><\/strong> Nov \u2013 Dic 2020.<\/p>\n<\/div><\/section><\/p>\n<\/div><\/div>\n<style type=\"text\/css\" data-created_by=\"avia_inline_auto\" id=\"style-css-av-8h0fk-88097f21080a48813a459728216f7a96\">\n.flex_cell.av-8h0fk-88097f21080a48813a459728216f7a96{\nvertical-align:top;\n}\n.responsive #top #wrap_all .flex_cell.av-8h0fk-88097f21080a48813a459728216f7a96{\npadding:0px 30px 0px 0px !important;\n}\n<\/style>\n<div class='flex_cell av-8h0fk-88097f21080a48813a459728216f7a96 av-gridrow-cell av_one_fourth no_margin  avia-builder-el-18  el_after_av_cell_three_fourth  avia-builder-el-last '  ><div class='flex_cell_inner'>\n<style type=\"text\/css\" data-created_by=\"avia_inline_auto\" id=\"style-css-av-kkwjxpn7-ad0097b68a851e58e8a559ab5fabf925\">\n.avia-image-container.av-kkwjxpn7-ad0097b68a851e58e8a559ab5fabf925 img.avia_image{\nbox-shadow:none;\n}\n.avia-image-container.av-kkwjxpn7-ad0097b68a851e58e8a559ab5fabf925 .av-image-caption-overlay-center{\ncolor:#ffffff;\n}\n<\/style>\n<div  class='avia-image-container av-kkwjxpn7-ad0097b68a851e58e8a559ab5fabf925 av-styling- avia-align-center  avia-builder-el-19  avia-builder-el-no-sibling '   itemprop=\"image\" itemscope=\"itemscope\" itemtype=\"https:\/\/schema.org\/ImageObject\" ><div class=\"avia-image-container-inner\"><div class=\"avia-image-overlay-wrap\"><img decoding=\"async\" fetchpriority=\"high\" class='wp-image-653 avia-img-lazy-loading-not-653 avia_image ' src=\"https:\/\/pragma-advocats.com\/wp-content\/uploads\/2021\/02\/SOCIAS_THAIS.jpg\" alt='' title='SOCIAS_THAIS'  height=\"600\" width=\"600\"  itemprop=\"thumbnailUrl\" srcset=\"https:\/\/pragma-advocats.com\/wp-content\/uploads\/2021\/02\/SOCIAS_THAIS.jpg 600w, https:\/\/pragma-advocats.com\/wp-content\/uploads\/2021\/02\/SOCIAS_THAIS-300x300.jpg 300w, https:\/\/pragma-advocats.com\/wp-content\/uploads\/2021\/02\/SOCIAS_THAIS-80x80.jpg 80w, https:\/\/pragma-advocats.com\/wp-content\/uploads\/2021\/02\/SOCIAS_THAIS-36x36.jpg 36w, https:\/\/pragma-advocats.com\/wp-content\/uploads\/2021\/02\/SOCIAS_THAIS-180x180.jpg 180w\" sizes=\"(max-width: 600px) 100vw, 600px\" \/><\/div><\/div><\/div>\n<\/div><\/div><\/div><div id='after_grid_row_2'  class='main_color av_default_container_wrap container_wrap fullsize'  ><div class='container av-section-cont-open' ><div class='template-page content  av-content-full alpha units'><div class='post-entry post-entry-type-page post-entry-699'><div class='entry-content-wrapper clearfix'>\n<style type=\"text\/css\" data-created_by=\"avia_inline_auto\" id=\"style-css-av-kkf7cm6g-fcfde0adca73910bd4ffa47e2a810cc3\">\n#top .hr.hr-invisible.av-kkf7cm6g-fcfde0adca73910bd4ffa47e2a810cc3{\nheight:30px;\n}\n<\/style>\n<div  class='hr av-kkf7cm6g-fcfde0adca73910bd4ffa47e2a810cc3 hr-invisible  avia-builder-el-20  el_after_av_layout_row  el_before_av_hr  avia-builder-el-first '><span class='hr-inner '><span class=\"hr-inner-style\"><\/span><\/span><\/div><\/p>\n<div  class='hr av-74veo-58b122ac324913c5bda00f2f2202c8db hr-default  avia-builder-el-21  el_after_av_hr  avia-builder-el-last '><span class='hr-inner '><span class=\"hr-inner-style\"><\/span><\/span><\/div>\n","protected":false},"excerpt":{"rendered":"","protected":false},"author":2,"featured_media":0,"parent":0,"menu_order":0,"comment_status":"closed","ping_status":"closed","template":"","meta":{"_joinchat":[],"footnotes":""},"class_list":["post-699","page","type-page","status-publish","hentry"],"yoast_head":"<!-- This site is optimized with the Yoast SEO plugin v27.5 - https:\/\/yoast.com\/product\/yoast-seo-wordpress\/ -->\n<title>S\u00f2cies - Pragma Advocats<\/title>\n<meta name=\"robots\" content=\"index, follow, max-snippet:-1, max-image-preview:large, max-video-preview:-1\" \/>\n<link rel=\"canonical\" href=\"https:\/\/pragma-advocats.com\/ca\/socies\/\" \/>\n<meta property=\"og:locale\" content=\"ca_ES\" \/>\n<meta property=\"og:type\" content=\"article\" \/>\n<meta property=\"og:title\" content=\"S\u00f2cies - Pragma Advocats\" \/>\n<meta property=\"og:url\" content=\"https:\/\/pragma-advocats.com\/ca\/socies\/\" \/>\n<meta property=\"og:site_name\" content=\"Pragma Advocats\" \/>\n<meta property=\"article:modified_time\" content=\"2021-03-04T12:43:06+00:00\" \/>\n<meta name=\"twitter:card\" content=\"summary_large_image\" \/>\n<meta name=\"twitter:site\" content=\"@pragmaadvocats\" \/>\n<script type=\"application\/ld+json\" class=\"yoast-schema-graph\">{\"@context\":\"https:\\\/\\\/schema.org\",\"@graph\":[{\"@type\":\"WebPage\",\"@id\":\"https:\\\/\\\/pragma-advocats.com\\\/ca\\\/socies\\\/\",\"url\":\"https:\\\/\\\/pragma-advocats.com\\\/ca\\\/socies\\\/\",\"name\":\"S\u00f2cies - Pragma Advocats\",\"isPartOf\":{\"@id\":\"https:\\\/\\\/pragma-advocats.com\\\/#website\"},\"datePublished\":\"2021-02-08T11:48:58+00:00\",\"dateModified\":\"2021-03-04T12:43:06+00:00\",\"breadcrumb\":{\"@id\":\"https:\\\/\\\/pragma-advocats.com\\\/ca\\\/socies\\\/#breadcrumb\"},\"inLanguage\":\"ca\",\"potentialAction\":[{\"@type\":\"ReadAction\",\"target\":[\"https:\\\/\\\/pragma-advocats.com\\\/ca\\\/socies\\\/\"]}]},{\"@type\":\"BreadcrumbList\",\"@id\":\"https:\\\/\\\/pragma-advocats.com\\\/ca\\\/socies\\\/#breadcrumb\",\"itemListElement\":[{\"@type\":\"ListItem\",\"position\":1,\"name\":\"Portada\",\"item\":\"https:\\\/\\\/pragma-advocats.com\\\/ca\\\/inici\\\/\"},{\"@type\":\"ListItem\",\"position\":2,\"name\":\"S\u00f2cies\"}]},{\"@type\":\"WebSite\",\"@id\":\"https:\\\/\\\/pragma-advocats.com\\\/#website\",\"url\":\"https:\\\/\\\/pragma-advocats.com\\\/\",\"name\":\"Pragma Advocats\",\"description\":\"Just another WordPress site\",\"potentialAction\":[{\"@type\":\"SearchAction\",\"target\":{\"@type\":\"EntryPoint\",\"urlTemplate\":\"https:\\\/\\\/pragma-advocats.com\\\/?s={search_term_string}\"},\"query-input\":{\"@type\":\"PropertyValueSpecification\",\"valueRequired\":true,\"valueName\":\"search_term_string\"}}],\"inLanguage\":\"ca\"}]}<\/script>\n<!-- \/ Yoast SEO plugin. -->","yoast_head_json":{"title":"S\u00f2cies - Pragma Advocats","robots":{"index":"index","follow":"follow","max-snippet":"max-snippet:-1","max-image-preview":"max-image-preview:large","max-video-preview":"max-video-preview:-1"},"canonical":"https:\/\/pragma-advocats.com\/ca\/socies\/","og_locale":"ca_ES","og_type":"article","og_title":"S\u00f2cies - Pragma Advocats","og_url":"https:\/\/pragma-advocats.com\/ca\/socies\/","og_site_name":"Pragma Advocats","article_modified_time":"2021-03-04T12:43:06+00:00","twitter_card":"summary_large_image","twitter_site":"@pragmaadvocats","schema":{"@context":"https:\/\/schema.org","@graph":[{"@type":"WebPage","@id":"https:\/\/pragma-advocats.com\/ca\/socies\/","url":"https:\/\/pragma-advocats.com\/ca\/socies\/","name":"S\u00f2cies - Pragma Advocats","isPartOf":{"@id":"https:\/\/pragma-advocats.com\/#website"},"datePublished":"2021-02-08T11:48:58+00:00","dateModified":"2021-03-04T12:43:06+00:00","breadcrumb":{"@id":"https:\/\/pragma-advocats.com\/ca\/socies\/#breadcrumb"},"inLanguage":"ca","potentialAction":[{"@type":"ReadAction","target":["https:\/\/pragma-advocats.com\/ca\/socies\/"]}]},{"@type":"BreadcrumbList","@id":"https:\/\/pragma-advocats.com\/ca\/socies\/#breadcrumb","itemListElement":[{"@type":"ListItem","position":1,"name":"Portada","item":"https:\/\/pragma-advocats.com\/ca\/inici\/"},{"@type":"ListItem","position":2,"name":"S\u00f2cies"}]},{"@type":"WebSite","@id":"https:\/\/pragma-advocats.com\/#website","url":"https:\/\/pragma-advocats.com\/","name":"Pragma Advocats","description":"Just another WordPress site","potentialAction":[{"@type":"SearchAction","target":{"@type":"EntryPoint","urlTemplate":"https:\/\/pragma-advocats.com\/?s={search_term_string}"},"query-input":{"@type":"PropertyValueSpecification","valueRequired":true,"valueName":"search_term_string"}}],"inLanguage":"ca"}]}},"_links":{"self":[{"href":"https:\/\/pragma-advocats.com\/ca\/wp-json\/wp\/v2\/pages\/699","targetHints":{"allow":["GET"]}}],"collection":[{"href":"https:\/\/pragma-advocats.com\/ca\/wp-json\/wp\/v2\/pages"}],"about":[{"href":"https:\/\/pragma-advocats.com\/ca\/wp-json\/wp\/v2\/types\/page"}],"author":[{"embeddable":true,"href":"https:\/\/pragma-advocats.com\/ca\/wp-json\/wp\/v2\/users\/2"}],"replies":[{"embeddable":true,"href":"https:\/\/pragma-advocats.com\/ca\/wp-json\/wp\/v2\/comments?post=699"}],"version-history":[{"count":0,"href":"https:\/\/pragma-advocats.com\/ca\/wp-json\/wp\/v2\/pages\/699\/revisions"}],"wp:attachment":[{"href":"https:\/\/pragma-advocats.com\/ca\/wp-json\/wp\/v2\/media?parent=699"}],"curies":[{"name":"wp","href":"https:\/\/api.w.org\/{rel}","templated":true}]}}