{"id":710,"date":"2021-02-05T15:07:41","date_gmt":"2021-02-05T15:07:41","guid":{"rendered":"https:\/\/pragma.clonica.net\/derecho-mercantil-y-societario\/"},"modified":"2021-03-11T10:15:48","modified_gmt":"2021-03-11T10:15:48","slug":"dret-mercantil-i-societari","status":"publish","type":"page","link":"https:\/\/pragma-advocats.com\/ca\/dret-mercantil-i-societari\/","title":{"rendered":"Dret mercantil i societari"},"content":{"rendered":"<div id='full_slider_1'  class='avia-fullwidth-slider main_color avia-shadow av-small-hide av-mini-hide  avia-builder-el-0  el_before_av_slideshow_full  avia-builder-el-first   container_wrap fullsize'  ><div  class='avia-slideshow av-298qf1-f6ac48e226546748403b63b6f5b4adc5 avia-slideshow-featured av_slideshow_full avia-slide-slider av-small-hide av-mini-hide av-slideshow-ui av-control-default av-slideshow-manual av-loop-once av-loop-manual-endless av-default-height-applied   avia-slideshow-1' data-slideshow-options=\"{&quot;animation&quot;:&quot;slide&quot;,&quot;autoplay&quot;:false,&quot;loop_autoplay&quot;:&quot;once&quot;,&quot;interval&quot;:5,&quot;loop_manual&quot;:&quot;manual-endless&quot;,&quot;autoplay_stopper&quot;:false,&quot;noNavigation&quot;:false,&quot;bg_slider&quot;:false,&quot;keep_padding&quot;:false,&quot;hoverpause&quot;:false,&quot;show_slide_delay&quot;:0}\"  itemprop=\"image\" itemscope=\"itemscope\" itemtype=\"https:\/\/schema.org\/ImageObject\" ><ul class='avia-slideshow-inner ' style='padding-bottom: 28.666666666667%;'><li  class='avia-slideshow-slide av-298qf1-f6ac48e226546748403b63b6f5b4adc5__0  slide-1 slide-odd'><div data-rel='slideshow-1' class='avia-slide-wrap '   ><img decoding=\"async\" fetchpriority=\"high\" class=\"wp-image-428 avia-img-lazy-loading-not-428\"  src=\"https:\/\/pragma-advocats.com\/wp-content\/uploads\/2021\/01\/SLIDERS_HERENCIAS-1-1500x430.jpg\" width=\"1500\" height=\"430\" title='SLIDERS_HERENCIAS-1' alt=''  itemprop=\"thumbnailUrl\" srcset=\"https:\/\/pragma-advocats.com\/wp-content\/uploads\/2021\/01\/SLIDERS_HERENCIAS-1.jpg 1500w, https:\/\/pragma-advocats.com\/wp-content\/uploads\/2021\/01\/SLIDERS_HERENCIAS-1-300x86.jpg 300w, https:\/\/pragma-advocats.com\/wp-content\/uploads\/2021\/01\/SLIDERS_HERENCIAS-1-1030x295.jpg 1030w, https:\/\/pragma-advocats.com\/wp-content\/uploads\/2021\/01\/SLIDERS_HERENCIAS-1-768x220.jpg 768w, https:\/\/pragma-advocats.com\/wp-content\/uploads\/2021\/01\/SLIDERS_HERENCIAS-1-705x202.jpg 705w\" sizes=\"(max-width: 1500px) 100vw, 1500px\" \/><\/div><\/li><li  class='avia-slideshow-slide av-298qf1-f6ac48e226546748403b63b6f5b4adc5__1  slide-2 slide-even'><div data-rel='slideshow-1' class='avia-slide-wrap '   ><img decoding=\"async\" fetchpriority=\"high\" class=\"wp-image-431 avia-img-lazy-loading-not-431\"  src=\"https:\/\/pragma-advocats.com\/wp-content\/uploads\/2021\/01\/SLIDERS_HERENCIAS-2-1500x430.jpg\" width=\"1500\" height=\"430\" title='SLIDERS_HERENCIAS-2' alt=''  itemprop=\"thumbnailUrl\" srcset=\"https:\/\/pragma-advocats.com\/wp-content\/uploads\/2021\/01\/SLIDERS_HERENCIAS-2.jpg 1500w, https:\/\/pragma-advocats.com\/wp-content\/uploads\/2021\/01\/SLIDERS_HERENCIAS-2-300x86.jpg 300w, https:\/\/pragma-advocats.com\/wp-content\/uploads\/2021\/01\/SLIDERS_HERENCIAS-2-1030x295.jpg 1030w, https:\/\/pragma-advocats.com\/wp-content\/uploads\/2021\/01\/SLIDERS_HERENCIAS-2-768x220.jpg 768w, https:\/\/pragma-advocats.com\/wp-content\/uploads\/2021\/01\/SLIDERS_HERENCIAS-2-705x202.jpg 705w\" sizes=\"(max-width: 1500px) 100vw, 1500px\" \/><\/div><\/li><\/ul><div class='avia-slideshow-arrows avia-slideshow-controls' ><a href='#prev' class='prev-slide ' aria-hidden='true' data-av_icon='\ue87c' data-av_iconfont='entypo-fontello'  tabindex='-1'>Anterior<\/a><a href='#next' class='next-slide ' aria-hidden='true' data-av_icon='\ue87d' data-av_iconfont='entypo-fontello'  tabindex='-1'>Seg\u00fcent<\/a><\/div><div class='avia-slideshow-dots avia-slideshow-controls'><a href='#1' class='goto-slide active' >1<\/a><a href='#2' class='goto-slide ' >2<\/a><\/div><\/div><\/div>\n<div id='full_slider_2'  class='avia-fullwidth-slider main_color avia-shadow av-desktop-hide av-medium-hide  avia-builder-el-1  el_after_av_slideshow_full  el_before_av_section   slider-not-first container_wrap fullsize'  ><div  class='avia-slideshow av-298qf1-637d174ce6f312ee9855470267f9bd2d avia-slideshow-featured av_slideshow_full avia-slide-slider av-desktop-hide av-medium-hide av-slideshow-ui av-control-default av-slideshow-manual av-loop-once av-loop-manual-endless av-default-height-applied   avia-slideshow-2' data-slideshow-options=\"{&quot;animation&quot;:&quot;slide&quot;,&quot;autoplay&quot;:false,&quot;loop_autoplay&quot;:&quot;once&quot;,&quot;interval&quot;:5,&quot;loop_manual&quot;:&quot;manual-endless&quot;,&quot;autoplay_stopper&quot;:false,&quot;noNavigation&quot;:false,&quot;bg_slider&quot;:false,&quot;keep_padding&quot;:false,&quot;hoverpause&quot;:false,&quot;show_slide_delay&quot;:0}\"  itemprop=\"image\" itemscope=\"itemscope\" itemtype=\"https:\/\/schema.org\/ImageObject\" ><ul class='avia-slideshow-inner ' style='padding-bottom: 71.666666666667%;'><li  class='avia-slideshow-slide av-298qf1-637d174ce6f312ee9855470267f9bd2d__0  slide-1 slide-odd'><div data-rel='slideshow-2' class='avia-slide-wrap '   ><img decoding=\"async\" fetchpriority=\"high\" class=\"wp-image-1050 avia-img-lazy-loading-not-1050\"  src=\"https:\/\/pragma-advocats.com\/wp-content\/uploads\/2021\/03\/Slider-DerechoMercantilTestamentos-1-Pragma-600x430.jpg\" width=\"600\" height=\"430\" title='Slider-DerechoMercantil+Testamentos-1-Pragma' alt=''  itemprop=\"thumbnailUrl\" srcset=\"https:\/\/pragma-advocats.com\/wp-content\/uploads\/2021\/03\/Slider-DerechoMercantilTestamentos-1-Pragma-600x430.jpg 600w, https:\/\/pragma-advocats.com\/wp-content\/uploads\/2021\/03\/Slider-DerechoMercantilTestamentos-1-Pragma-260x185.jpg 260w\" sizes=\"(max-width: 600px) 100vw, 600px\" \/><\/div><\/li><li  class='avia-slideshow-slide av-298qf1-637d174ce6f312ee9855470267f9bd2d__1  slide-2 slide-even'><div data-rel='slideshow-2' class='avia-slide-wrap '   ><img decoding=\"async\" fetchpriority=\"high\" class=\"wp-image-1053 avia-img-lazy-loading-not-1053\"  src=\"https:\/\/pragma-advocats.com\/wp-content\/uploads\/2021\/03\/Slider-DerechoMercantilTestamentos-2-Pragma-600x430.jpg\" width=\"600\" height=\"430\" title='Slider-DerechoMercantil+Testamentos-2-Pragma' alt=''  itemprop=\"thumbnailUrl\" srcset=\"https:\/\/pragma-advocats.com\/wp-content\/uploads\/2021\/03\/Slider-DerechoMercantilTestamentos-2-Pragma-600x430.jpg 600w, https:\/\/pragma-advocats.com\/wp-content\/uploads\/2021\/03\/Slider-DerechoMercantilTestamentos-2-Pragma-260x185.jpg 260w\" sizes=\"(max-width: 600px) 100vw, 600px\" \/><\/div><\/li><\/ul><div class='avia-slideshow-arrows avia-slideshow-controls' ><a href='#prev' class='prev-slide ' aria-hidden='true' data-av_icon='\ue87c' data-av_iconfont='entypo-fontello'  tabindex='-1'>Anterior<\/a><a href='#next' class='next-slide ' aria-hidden='true' data-av_icon='\ue87d' data-av_iconfont='entypo-fontello'  tabindex='-1'>Seg\u00fcent<\/a><\/div><div class='avia-slideshow-dots avia-slideshow-controls'><a href='#1' class='goto-slide active' >1<\/a><a href='#2' class='goto-slide ' >2<\/a><\/div><\/div><\/div>\n<div id='av_section_1'  class='avia-section av-78gu5-4bf6058412128242739ebd2336beb707 main_color avia-section-default avia-no-border-styling  avia-builder-el-2  el_after_av_slideshow_full  el_before_av_hr  avia-bg-style-scroll container_wrap fullsize'  ><div class='container av-section-cont-open' ><div class='template-page content  av-content-full alpha units'><div class='post-entry post-entry-type-page post-entry-710'><div class='entry-content-wrapper clearfix'>\n\n<style type=\"text\/css\" data-created_by=\"avia_inline_auto\" id=\"style-css-av-1xd2l1-37e8813635c8b494f6a1e5b31f978c81\">\n.flex_column.av-1xd2l1-37e8813635c8b494f6a1e5b31f978c81{\nborder-radius:0px 0px 0px 0px;\npadding:0px 0px 0px 0px;\n}\n<\/style>\n<div  class='flex_column av-1xd2l1-37e8813635c8b494f6a1e5b31f978c81 av_one_full  avia-builder-el-3  el_before_av_hr  avia-builder-el-first  first flex_column_div av-zero-column-padding  '     ><style type=\"text\/css\" data-created_by=\"avia_inline_auto\" id=\"style-css-av-kkf6gw87-991ec93798d35fbdcdcfd90db26c78d5\">\n#top .av_textblock_section.av-kkf6gw87-991ec93798d35fbdcdcfd90db26c78d5 .avia_textblock{\ncolor:#757575;\n}\n<\/style>\n<section  class='av_textblock_section av-kkf6gw87-991ec93798d35fbdcdcfd90db26c78d5 '   itemscope=\"itemscope\" itemtype=\"https:\/\/schema.org\/CreativeWork\" ><div class='avia_textblock av_inherit_color'  itemprop=\"text\" ><h2 style=\"text-align: center;\"><strong>DRET MERCANTIL I SOCIETARI<\/strong><\/h2>\n<\/div><\/section><br \/>\n\n<style type=\"text\/css\" data-created_by=\"avia_inline_auto\" id=\"style-css-av-kkf7cm6g-3b3269a5ee2970bf9e0484ae4dfff6e4\">\n#top .hr.av-kkf7cm6g-3b3269a5ee2970bf9e0484ae4dfff6e4{\nmargin-top:10px;\nmargin-bottom:10px;\n}\n.hr.av-kkf7cm6g-3b3269a5ee2970bf9e0484ae4dfff6e4 .hr-inner{\nwidth:80px;\nborder-color:#757575;\n}\n<\/style>\n<div  class='hr av-kkf7cm6g-3b3269a5ee2970bf9e0484ae4dfff6e4 hr-custom  avia-builder-el-5  el_after_av_textblock  el_before_av_textblock  hr-center hr-icon-no'><span class='hr-inner inner-border-av-border-thin'><span class=\"hr-inner-style\"><\/span><\/span><\/div><br \/>\n\n<style type=\"text\/css\" data-created_by=\"avia_inline_auto\" id=\"style-css-av-kkf6gw87-991ec93798d35fbdcdcfd90db26c78d5\">\n#top .av_textblock_section.av-kkf6gw87-991ec93798d35fbdcdcfd90db26c78d5 .avia_textblock{\ncolor:#757575;\n}\n<\/style>\n<section  class='av_textblock_section av-kkf6gw87-991ec93798d35fbdcdcfd90db26c78d5 '   itemscope=\"itemscope\" itemtype=\"https:\/\/schema.org\/CreativeWork\" ><div class='avia_textblock av_inherit_color'  itemprop=\"text\" ><p style=\"text-align: center;\">Assessorament en general respecte a la<strong>\u00a0implantaci\u00f3 d\u2019empreses a Espanya<\/strong>, operacions societ\u00e0ries, contractaci\u00f3 local i internacional, amb especial atenci\u00f3 a les relacions amb filials, sucursals i agents a Espanya i a l\u2019extranger; aspectes legals del comer\u00e7 electr\u00f2nic i noves tecnolog\u00edes.<\/p>\n<p style=\"text-align: center;\">El nostre\u00a0assessorament a l\u2019empresa abarca desde l\u2019assist\u00e8ncia als \u00f2rgans d\u2019<strong>administraci\u00f3<\/strong>\u00a0i\u00a0<strong>direcci\u00f3<\/strong>\u00a0de la mateixa\u00a0fins a qualsevol\u00a0departament d\u2019aquesta que requereix la nostra opini\u00f3 jur\u00eddica per a una mat\u00e8ria concreta.<\/p>\n<p style=\"text-align: center;\">Aix\u00ed mateix, assistim als nostres clients des de les m\u00e9s simples q\u00fcestions de secretaria jur\u00eddica (convocat\u00f2ries, actes, certificats, entre d\u2019altres) fins a\u00a0les operacions societ\u00e0ries m\u00e9s complicades com la\u00a0liquidaci\u00f3 i dissoluci\u00f3 de les societats.<\/p>\n<\/div><\/section><\/p><\/div>\n<style type=\"text\/css\" data-created_by=\"avia_inline_auto\" id=\"style-css-av-kkf7cm6g-fcfde0adca73910bd4ffa47e2a810cc3\">\n#top .hr.hr-invisible.av-kkf7cm6g-fcfde0adca73910bd4ffa47e2a810cc3{\nheight:30px;\n}\n<\/style>\n<div  class='hr av-kkf7cm6g-fcfde0adca73910bd4ffa47e2a810cc3 hr-invisible  avia-builder-el-7  el_after_av_one_full  el_before_av_textblock '><span class='hr-inner '><span class=\"hr-inner-style\"><\/span><\/span><\/div>\n\n<style type=\"text\/css\" data-created_by=\"avia_inline_auto\" id=\"style-css-av-kkf6gw87-1e5930607a525a7a88bb6f41d1c94b20\">\n#top .av_textblock_section.av-kkf6gw87-1e5930607a525a7a88bb6f41d1c94b20 .avia_textblock{\ncolor:#a0b138;\n}\n<\/style>\n<section  class='av_textblock_section av-kkf6gw87-1e5930607a525a7a88bb6f41d1c94b20 '   itemscope=\"itemscope\" itemtype=\"https:\/\/schema.org\/CreativeWork\" ><div class='avia_textblock av_inherit_color'  itemprop=\"text\" ><h3 style=\"text-align: center;\">Aix\u00ed mateix, assessorem i redactem contractes de car\u00e0cter mercantil tals com:<\/h3>\n<\/div><\/section>\n\n<style type=\"text\/css\" data-created_by=\"avia_inline_auto\" id=\"style-css-av-kkf7cm6g-d6fb5a60ca48c38dc2510473f58a5f19\">\n#top .hr.av-kkf7cm6g-d6fb5a60ca48c38dc2510473f58a5f19{\nmargin-top:10px;\nmargin-bottom:10px;\n}\n.hr.av-kkf7cm6g-d6fb5a60ca48c38dc2510473f58a5f19 .hr-inner{\nwidth:80px;\nborder-color:#a0b138;\n}\n<\/style>\n<div  class='hr av-kkf7cm6g-d6fb5a60ca48c38dc2510473f58a5f19 hr-custom  avia-builder-el-9  el_after_av_textblock  el_before_av_one_half  hr-center hr-icon-no'><span class='hr-inner inner-border-av-border-thin'><span class=\"hr-inner-style\"><\/span><\/span><\/div>\n\n<style type=\"text\/css\" data-created_by=\"avia_inline_auto\" id=\"style-css-av-1psi31-038832b1929eed11e5b3347f71de8eff\">\n.flex_column.av-1psi31-038832b1929eed11e5b3347f71de8eff{\nborder-radius:0px 0px 0px 0px;\npadding:0px 0px 0px 0px;\n}\n<\/style>\n<div  class='flex_column av-1psi31-038832b1929eed11e5b3347f71de8eff av_one_half  avia-builder-el-10  el_after_av_hr  el_before_av_one_half  first flex_column_div av-zero-column-padding  '     ><style type=\"text\/css\" data-created_by=\"avia_inline_auto\" id=\"style-css-av-1jsh2t-dddbc4e2ffbf441559a1db91c9e1b686\">\n#top .avia-icon-list-container.av-1jsh2t-dddbc4e2ffbf441559a1db91c9e1b686 .iconlist_icon{\ncolor:#ffffff;\nbackground-color:#a0b138;\nborder:1px solid #a0b138;\n}\n#top #wrap_all .avia-icon-list-container.av-1jsh2t-dddbc4e2ffbf441559a1db91c9e1b686 .av_iconlist_title{\nfont-size:13px;\ncolor:#757575;\n}\n.avia-icon-list-container.av-1jsh2t-dddbc4e2ffbf441559a1db91c9e1b686 .iconlist_content{\nfont-size:12px;\n}\n<\/style>\n<div  class='avia-icon-list-container av-1jsh2t-dddbc4e2ffbf441559a1db91c9e1b686  avia-builder-el-11  avia-builder-el-no-sibling '><ul class='avia-icon-list avia_animate_when_almost_visible avia-icon-list-left av-iconlist-big av-1jsh2t-dddbc4e2ffbf441559a1db91c9e1b686 avia-iconlist-animate'>\n<li><div class='iconlist_icon av-av_iconlist_item-a4a398e58a747b36357eb67ed77b88ca avia-font-entypo-fontello'><span class='iconlist-char' aria-hidden='true' data-av_icon='\ue812' data-av_iconfont='entypo-fontello'><\/span><\/div><article class=\"article-icon-entry av-iconlist-empty\"  itemscope=\"itemscope\" itemtype=\"https:\/\/schema.org\/CreativeWork\" ><div class=\"iconlist_content_wrap\"><header class=\"entry-content-header\"><h4 class='av_iconlist_title iconlist_title  av_inherit_color'  itemprop=\"headline\" >Franqu\u00edcies.<\/h4><\/header><div class='iconlist_content '  itemprop=\"text\" ><\/div><\/div><footer class=\"entry-footer\"><\/footer><\/article><div class=\"iconlist-timeline\"><\/div><\/li>\n<li><div class='iconlist_icon av-av_iconlist_item-83532b4f4d718d93f32698bb44ba5714 avia-font-entypo-fontello'><span class='iconlist-char' aria-hidden='true' data-av_icon='\ue812' data-av_iconfont='entypo-fontello'><\/span><\/div><article class=\"article-icon-entry av-iconlist-empty\"  itemscope=\"itemscope\" itemtype=\"https:\/\/schema.org\/CreativeWork\" ><div class=\"iconlist_content_wrap\"><header class=\"entry-content-header\"><h4 class='av_iconlist_title iconlist_title  av_inherit_color'  itemprop=\"headline\" >Ag\u00e8ncies.<\/h4><\/header><div class='iconlist_content '  itemprop=\"text\" ><\/div><\/div><footer class=\"entry-footer\"><\/footer><\/article><div class=\"iconlist-timeline\"><\/div><\/li>\n<li><div class='iconlist_icon av-av_iconlist_item-ecb6e2794d7fcf9a83f8cd349ea2d5bd avia-font-entypo-fontello'><span class='iconlist-char' aria-hidden='true' data-av_icon='\ue812' data-av_iconfont='entypo-fontello'><\/span><\/div><article class=\"article-icon-entry av-iconlist-empty\"  itemscope=\"itemscope\" itemtype=\"https:\/\/schema.org\/CreativeWork\" ><div class=\"iconlist_content_wrap\"><header class=\"entry-content-header\"><h4 class='av_iconlist_title iconlist_title  av_inherit_color'  itemprop=\"headline\" >Arrendaments mercantils.<\/h4><\/header><div class='iconlist_content '  itemprop=\"text\" ><\/div><\/div><footer class=\"entry-footer\"><\/footer><\/article><div class=\"iconlist-timeline\"><\/div><\/li>\n<\/ul><\/div><\/div>\n<style type=\"text\/css\" data-created_by=\"avia_inline_auto\" id=\"style-css-av-v9cn1-6d2aa0e2b6121633b062c6cb3e9b8a3a\">\n.flex_column.av-v9cn1-6d2aa0e2b6121633b062c6cb3e9b8a3a{\nborder-radius:0px 0px 0px 0px;\npadding:0px 0px 0px 0px;\n}\n<\/style>\n<div  class='flex_column av-v9cn1-6d2aa0e2b6121633b062c6cb3e9b8a3a av_one_half  avia-builder-el-12  el_after_av_one_half  avia-builder-el-last  flex_column_div av-zero-column-padding  '     ><style type=\"text\/css\" data-created_by=\"avia_inline_auto\" id=\"style-css-av-1jsh2t-c142355515b819fed54d2feba44533fe\">\n#top .avia-icon-list-container.av-1jsh2t-c142355515b819fed54d2feba44533fe .iconlist_icon{\nbackground-color:#a0b138;\n}\n#top #wrap_all .avia-icon-list-container.av-1jsh2t-c142355515b819fed54d2feba44533fe .av_iconlist_title{\nfont-size:12px;\ncolor:#757575;\n}\n.avia-icon-list-container.av-1jsh2t-c142355515b819fed54d2feba44533fe .iconlist_content{\nfont-size:12px;\n}\n<\/style>\n<div  class='avia-icon-list-container av-1jsh2t-c142355515b819fed54d2feba44533fe  avia-builder-el-13  avia-builder-el-no-sibling '><ul class='avia-icon-list avia_animate_when_almost_visible avia-icon-list-left av-iconlist-big av-1jsh2t-c142355515b819fed54d2feba44533fe avia-iconlist-animate'>\n<li><div class='iconlist_icon av-av_iconlist_item-aa4815863a6e797ea25019fdc199eed3 avia-font-entypo-fontello'><span class='iconlist-char' aria-hidden='true' data-av_icon='\ue812' data-av_iconfont='entypo-fontello'><\/span><\/div><article class=\"article-icon-entry av-iconlist-empty\"  itemscope=\"itemscope\" itemtype=\"https:\/\/schema.org\/CreativeWork\" ><div class=\"iconlist_content_wrap\"><header class=\"entry-content-header\"><h4 class='av_iconlist_title iconlist_title  av_inherit_color'  itemprop=\"headline\" >Compra-vendes mercantils.<\/h4><\/header><div class='iconlist_content '  itemprop=\"text\" ><\/div><\/div><footer class=\"entry-footer\"><\/footer><\/article><div class=\"iconlist-timeline\"><\/div><\/li>\n<li><div class='iconlist_icon av-av_iconlist_item-2c3013a715897b412d0a3324bf1ba95b avia-font-entypo-fontello'><span class='iconlist-char' aria-hidden='true' data-av_icon='\ue812' data-av_iconfont='entypo-fontello'><\/span><\/div><article class=\"article-icon-entry av-iconlist-empty\"  itemscope=\"itemscope\" itemtype=\"https:\/\/schema.org\/CreativeWork\" ><div class=\"iconlist_content_wrap\"><header class=\"entry-content-header\"><h4 class='av_iconlist_title iconlist_title  av_inherit_color'  itemprop=\"headline\" >Garanties.<\/h4><\/header><div class='iconlist_content '  itemprop=\"text\" ><\/div><\/div><footer class=\"entry-footer\"><\/footer><\/article><div class=\"iconlist-timeline\"><\/div><\/li>\n<li><div class='iconlist_icon av-av_iconlist_item-53b9043a5a6525d1e784c6b388d7c330 avia-font-entypo-fontello'><span class='iconlist-char' aria-hidden='true' data-av_icon='\ue812' data-av_iconfont='entypo-fontello'><\/span><\/div><article class=\"article-icon-entry av-iconlist-empty\"  itemscope=\"itemscope\" itemtype=\"https:\/\/schema.org\/CreativeWork\" ><div class=\"iconlist_content_wrap\"><header class=\"entry-content-header\"><h4 class='av_iconlist_title iconlist_title  av_inherit_color'  itemprop=\"headline\" >Noves tecnologies.<\/h4><\/header><div class='iconlist_content '  itemprop=\"text\" ><\/div><\/div><footer class=\"entry-footer\"><\/footer><\/article><div class=\"iconlist-timeline\"><\/div><\/li>\n<\/ul><\/div><\/div>\n<\/div><\/div><\/div><!-- close content main div --><\/div><\/div><div id='after_section_1'  class='main_color av_default_container_wrap container_wrap fullsize'  ><div class='container av-section-cont-open' ><div class='template-page content  av-content-full alpha units'><div class='post-entry post-entry-type-page post-entry-710'><div class='entry-content-wrapper clearfix'>\n\n<style type=\"text\/css\" data-created_by=\"avia_inline_auto\" id=\"style-css-av-kkf7cm6g-fcfde0adca73910bd4ffa47e2a810cc3\">\n#top .hr.hr-invisible.av-kkf7cm6g-fcfde0adca73910bd4ffa47e2a810cc3{\nheight:30px;\n}\n<\/style>\n<div  class='hr av-kkf7cm6g-fcfde0adca73910bd4ffa47e2a810cc3 hr-invisible  avia-builder-el-14  el_after_av_section  avia-builder-el-no-sibling '><span class='hr-inner '><span class=\"hr-inner-style\"><\/span><\/span><\/div>\n","protected":false},"excerpt":{"rendered":"","protected":false},"author":2,"featured_media":0,"parent":0,"menu_order":0,"comment_status":"closed","ping_status":"closed","template":"","meta":{"_joinchat":[],"footnotes":""},"class_list":["post-710","page","type-page","status-publish","hentry"],"yoast_head":"<!-- This site is optimized with the Yoast SEO plugin v27.4 - https:\/\/yoast.com\/product\/yoast-seo-wordpress\/ -->\n<title>Dret mercantil i societari - Pragma Advocats<\/title>\n<meta name=\"robots\" content=\"index, follow, max-snippet:-1, max-image-preview:large, max-video-preview:-1\" \/>\n<link rel=\"canonical\" href=\"https:\/\/pragma-advocats.com\/ca\/dret-mercantil-i-societari\/\" \/>\n<meta property=\"og:locale\" content=\"ca_ES\" \/>\n<meta property=\"og:type\" content=\"article\" \/>\n<meta property=\"og:title\" content=\"Dret mercantil i societari - Pragma Advocats\" \/>\n<meta property=\"og:url\" content=\"https:\/\/pragma-advocats.com\/ca\/dret-mercantil-i-societari\/\" \/>\n<meta property=\"og:site_name\" content=\"Pragma Advocats\" \/>\n<meta property=\"article:modified_time\" content=\"2021-03-11T10:15:48+00:00\" \/>\n<meta name=\"twitter:card\" content=\"summary_large_image\" \/>\n<meta name=\"twitter:site\" content=\"@pragmaadvocats\" \/>\n<meta name=\"twitter:label1\" content=\"Temps estimat de lectura\" \/>\n\t<meta name=\"twitter:data1\" content=\"3 minuts\" \/>\n<script type=\"application\/ld+json\" class=\"yoast-schema-graph\">{\"@context\":\"https:\\\/\\\/schema.org\",\"@graph\":[{\"@type\":\"WebPage\",\"@id\":\"https:\\\/\\\/pragma-advocats.com\\\/ca\\\/dret-mercantil-i-societari\\\/\",\"url\":\"https:\\\/\\\/pragma-advocats.com\\\/ca\\\/dret-mercantil-i-societari\\\/\",\"name\":\"Dret mercantil i societari - Pragma Advocats\",\"isPartOf\":{\"@id\":\"https:\\\/\\\/pragma-advocats.com\\\/#website\"},\"datePublished\":\"2021-02-05T15:07:41+00:00\",\"dateModified\":\"2021-03-11T10:15:48+00:00\",\"breadcrumb\":{\"@id\":\"https:\\\/\\\/pragma-advocats.com\\\/ca\\\/dret-mercantil-i-societari\\\/#breadcrumb\"},\"inLanguage\":\"ca\",\"potentialAction\":[{\"@type\":\"ReadAction\",\"target\":[\"https:\\\/\\\/pragma-advocats.com\\\/ca\\\/dret-mercantil-i-societari\\\/\"]}]},{\"@type\":\"BreadcrumbList\",\"@id\":\"https:\\\/\\\/pragma-advocats.com\\\/ca\\\/dret-mercantil-i-societari\\\/#breadcrumb\",\"itemListElement\":[{\"@type\":\"ListItem\",\"position\":1,\"name\":\"Portada\",\"item\":\"https:\\\/\\\/pragma-advocats.com\\\/ca\\\/inici\\\/\"},{\"@type\":\"ListItem\",\"position\":2,\"name\":\"Dret mercantil i societari\"}]},{\"@type\":\"WebSite\",\"@id\":\"https:\\\/\\\/pragma-advocats.com\\\/#website\",\"url\":\"https:\\\/\\\/pragma-advocats.com\\\/\",\"name\":\"Pragma Advocats\",\"description\":\"Just another WordPress site\",\"potentialAction\":[{\"@type\":\"SearchAction\",\"target\":{\"@type\":\"EntryPoint\",\"urlTemplate\":\"https:\\\/\\\/pragma-advocats.com\\\/?s={search_term_string}\"},\"query-input\":{\"@type\":\"PropertyValueSpecification\",\"valueRequired\":true,\"valueName\":\"search_term_string\"}}],\"inLanguage\":\"ca\"}]}<\/script>\n<!-- \/ Yoast SEO plugin. -->","yoast_head_json":{"title":"Dret mercantil i societari - Pragma Advocats","robots":{"index":"index","follow":"follow","max-snippet":"max-snippet:-1","max-image-preview":"max-image-preview:large","max-video-preview":"max-video-preview:-1"},"canonical":"https:\/\/pragma-advocats.com\/ca\/dret-mercantil-i-societari\/","og_locale":"ca_ES","og_type":"article","og_title":"Dret mercantil i societari - Pragma Advocats","og_url":"https:\/\/pragma-advocats.com\/ca\/dret-mercantil-i-societari\/","og_site_name":"Pragma Advocats","article_modified_time":"2021-03-11T10:15:48+00:00","twitter_card":"summary_large_image","twitter_site":"@pragmaadvocats","twitter_misc":{"Temps estimat de lectura":"3 minuts"},"schema":{"@context":"https:\/\/schema.org","@graph":[{"@type":"WebPage","@id":"https:\/\/pragma-advocats.com\/ca\/dret-mercantil-i-societari\/","url":"https:\/\/pragma-advocats.com\/ca\/dret-mercantil-i-societari\/","name":"Dret mercantil i societari - Pragma Advocats","isPartOf":{"@id":"https:\/\/pragma-advocats.com\/#website"},"datePublished":"2021-02-05T15:07:41+00:00","dateModified":"2021-03-11T10:15:48+00:00","breadcrumb":{"@id":"https:\/\/pragma-advocats.com\/ca\/dret-mercantil-i-societari\/#breadcrumb"},"inLanguage":"ca","potentialAction":[{"@type":"ReadAction","target":["https:\/\/pragma-advocats.com\/ca\/dret-mercantil-i-societari\/"]}]},{"@type":"BreadcrumbList","@id":"https:\/\/pragma-advocats.com\/ca\/dret-mercantil-i-societari\/#breadcrumb","itemListElement":[{"@type":"ListItem","position":1,"name":"Portada","item":"https:\/\/pragma-advocats.com\/ca\/inici\/"},{"@type":"ListItem","position":2,"name":"Dret mercantil i societari"}]},{"@type":"WebSite","@id":"https:\/\/pragma-advocats.com\/#website","url":"https:\/\/pragma-advocats.com\/","name":"Pragma Advocats","description":"Just another WordPress site","potentialAction":[{"@type":"SearchAction","target":{"@type":"EntryPoint","urlTemplate":"https:\/\/pragma-advocats.com\/?s={search_term_string}"},"query-input":{"@type":"PropertyValueSpecification","valueRequired":true,"valueName":"search_term_string"}}],"inLanguage":"ca"}]}},"_links":{"self":[{"href":"https:\/\/pragma-advocats.com\/ca\/wp-json\/wp\/v2\/pages\/710","targetHints":{"allow":["GET"]}}],"collection":[{"href":"https:\/\/pragma-advocats.com\/ca\/wp-json\/wp\/v2\/pages"}],"about":[{"href":"https:\/\/pragma-advocats.com\/ca\/wp-json\/wp\/v2\/types\/page"}],"author":[{"embeddable":true,"href":"https:\/\/pragma-advocats.com\/ca\/wp-json\/wp\/v2\/users\/2"}],"replies":[{"embeddable":true,"href":"https:\/\/pragma-advocats.com\/ca\/wp-json\/wp\/v2\/comments?post=710"}],"version-history":[{"count":0,"href":"https:\/\/pragma-advocats.com\/ca\/wp-json\/wp\/v2\/pages\/710\/revisions"}],"wp:attachment":[{"href":"https:\/\/pragma-advocats.com\/ca\/wp-json\/wp\/v2\/media?parent=710"}],"curies":[{"name":"wp","href":"https:\/\/api.w.org\/{rel}","templated":true}]}}