{"id":717,"date":"2021-01-27T14:43:29","date_gmt":"2021-01-27T14:43:29","guid":{"rendered":"https:\/\/pragma.clonica.net\/historia-empresarial\/"},"modified":"2021-03-04T12:14:39","modified_gmt":"2021-03-04T12:14:39","slug":"historia-empresarial","status":"publish","type":"page","link":"https:\/\/pragma-advocats.com\/ca\/historia-empresarial\/","title":{"rendered":"Hist\u00f2ria empresarial"},"content":{"rendered":"\n<style type=\"text\/css\" data-created_by=\"avia_inline_auto\" id=\"style-css-av-kkfk7tup-6eb71872d2c439a862ec7ab92fa1b79f\">\n#top .hr.hr-invisible.av-kkfk7tup-6eb71872d2c439a862ec7ab92fa1b79f{\nheight:30px;\n}\n<\/style>\n<div  class='hr av-kkfk7tup-6eb71872d2c439a862ec7ab92fa1b79f hr-invisible  avia-builder-el-0  el_before_av_textblock  avia-builder-el-first '><span class='hr-inner '><span class=\"hr-inner-style\"><\/span><\/span><\/div>\n\n<style type=\"text\/css\" data-created_by=\"avia_inline_auto\" id=\"style-css-av-kkfjcjw4-db398a909eb8eb3476000385fea0d348\">\n#top .av_textblock_section.av-kkfjcjw4-db398a909eb8eb3476000385fea0d348 .avia_textblock{\ncolor:#757575;\n}\n<\/style>\n<section  class='av_textblock_section av-kkfjcjw4-db398a909eb8eb3476000385fea0d348 '   itemscope=\"itemscope\" itemtype=\"https:\/\/schema.org\/CreativeWork\" ><div class='avia_textblock av_inherit_color'  itemprop=\"text\" ><h2 style=\"text-align: center;\">DESPATX PRAGMA ADVOCATS<\/h2>\n<\/div><\/section>\n<section  class='av_textblock_section av-kkfkp09z-1dd2a368995c8861d55438c78e3c4dbc '   itemscope=\"itemscope\" itemtype=\"https:\/\/schema.org\/CreativeWork\" ><div class='avia_textblock'  itemprop=\"text\" ><p style=\"text-align: center;\">LA HIST\u00d2RIA DE LA NOSTRA EMPRESA<\/p>\n<\/div><\/section>\n\n<style type=\"text\/css\" data-created_by=\"avia_inline_auto\" id=\"style-css-av-kkfk7tup-6eb71872d2c439a862ec7ab92fa1b79f\">\n#top .hr.hr-invisible.av-kkfk7tup-6eb71872d2c439a862ec7ab92fa1b79f{\nheight:30px;\n}\n<\/style>\n<div  class='hr av-kkfk7tup-6eb71872d2c439a862ec7ab92fa1b79f hr-invisible  avia-builder-el-3  el_after_av_textblock  el_before_av_timeline '><span class='hr-inner '><span class=\"hr-inner-style\"><\/span><\/span><\/div>\n\n<style type=\"text\/css\" data-created_by=\"avia_inline_auto\" id=\"style-css-sub-av-kkfjg1or-6492568c516420a8c66c487c791ba708\">\n.avia-timeline-container .av-milestone.av-av_timeline_item-45f7a90872f6a00a10cdf339fff1e4c6 .av-milestone-icon-inner{\nbackground-color:#757575;\n}\n.avia-timeline-container .av-milestone.av-av_timeline_item-45f7a90872f6a00a10cdf339fff1e4c6 .av-milestone-indicator{\nbackground-color:#757575;\n}\n.avia-timeline-container .av-milestone.av-av_timeline_item-45f7a90872f6a00a10cdf339fff1e4c6 .av-milestone-article-footer{\nbackground-color:#757575;\n}\n.avia-timeline-container .av-milestone.av-av_timeline_item-5518cd7de33aea9b5a1c36510fb0b362 .av-milestone-icon-inner{\nbackground-color:#757575;\n}\n.avia-timeline-container .av-milestone.av-av_timeline_item-5518cd7de33aea9b5a1c36510fb0b362 .av-milestone-indicator{\nbackground-color:#757575;\n}\n.avia-timeline-container .av-milestone.av-av_timeline_item-5518cd7de33aea9b5a1c36510fb0b362 .av-milestone-article-footer{\nbackground-color:#757575;\n}\n.avia-timeline-container .av-milestone.av-av_timeline_item-11836ce041f1836d23c3bbe5cfc0c4ed .av-milestone-icon-inner{\nbackground-color:#757575;\n}\n.avia-timeline-container .av-milestone.av-av_timeline_item-11836ce041f1836d23c3bbe5cfc0c4ed .av-milestone-indicator{\nbackground-color:#757575;\n}\n.avia-timeline-container .av-milestone.av-av_timeline_item-11836ce041f1836d23c3bbe5cfc0c4ed .av-milestone-article-footer{\nbackground-color:#757575;\n}\n.avia-timeline-container .av-milestone.av-av_timeline_item-1254d3720c2b3d02c6bb6fff08b1a890 .av-milestone-icon-inner{\nbackground-color:#757575;\n}\n.avia-timeline-container .av-milestone.av-av_timeline_item-1254d3720c2b3d02c6bb6fff08b1a890 .av-milestone-indicator{\nbackground-color:#757575;\n}\n.avia-timeline-container .av-milestone.av-av_timeline_item-1254d3720c2b3d02c6bb6fff08b1a890 .av-milestone-article-footer{\nbackground-color:#757575;\n}\n.avia-timeline-container .av-milestone.av-av_timeline_item-657ca84bdd17441412877e039c337f41 .av-milestone-icon-inner{\nbackground-color:#757575;\n}\n.avia-timeline-container .av-milestone.av-av_timeline_item-657ca84bdd17441412877e039c337f41 .av-milestone-indicator{\nbackground-color:#757575;\n}\n.avia-timeline-container .av-milestone.av-av_timeline_item-657ca84bdd17441412877e039c337f41 .av-milestone-article-footer{\nbackground-color:#757575;\n}\n.avia-timeline-container .av-milestone.av-av_timeline_item-beb4888fb01e271b1d66e0225dc6e540 .av-milestone-icon-inner{\nbackground-color:#757575;\n}\n.avia-timeline-container .av-milestone.av-av_timeline_item-beb4888fb01e271b1d66e0225dc6e540 .av-milestone-indicator{\nbackground-color:#757575;\n}\n.avia-timeline-container .av-milestone.av-av_timeline_item-beb4888fb01e271b1d66e0225dc6e540 .av-milestone-article-footer{\nbackground-color:#757575;\n}\n<\/style>\n<div  id=\"avia-timeline-1\"  class='avia-timeline-container av-kkfjg1or-6492568c516420a8c66c487c791ba708 av-slideshow-ui  avia-builder-el-4  el_after_av_hr  avia-builder-el-last ' ><ul class='avia-timeline avia-timeline-vertical av-milestone-placement-alternate avia-timeline- avia_animate_when_almost_visible avia-timeline-animate'>\n<li  class='av-milestone av-av_timeline_item-45f7a90872f6a00a10cdf339fff1e4c6 av-animated-generic fade-in av-milestone-valign-baseline av-milestone-odd'><h2 class='av-milestone-date ' id='milestone-1996' ><strong>1996<span class='av-milestone-indicator'><\/span><\/strong><\/h2><div class=\"av-milestone-icon-wrap\"><span class='av-milestone-icon milestone_icon avia-font-entypo-fontello'><span class='av-milestone-icon-inner milestone_inner'><i class='milestone-char' aria-hidden='true' data-av_icon='\ue80b' data-av_iconfont='entypo-fontello'><\/i><\/span><\/span><\/div><article class='av-milestone-content-wrap'><div class='av-milestone-contentbox'><header class=\"entry-content-header\"><h4 class='av-milestone-title '><span style=\"color: #9fb138;\">SANDRA MENA I THAIS DELGADO, LLICENCIADES EN DRET<\/span><\/h4><\/header><div class='av-milestone-content'><\/div><\/div><footer class='av-milestone-article-footer entry-footer'><\/footer><\/article><\/li>\n<li  class='av-milestone av-av_timeline_item-5518cd7de33aea9b5a1c36510fb0b362 av-animated-generic fade-in av-milestone-valign-baseline av-milestone-even'><h2 class='av-milestone-date ' id='milestone-2000' ><strong>2000<span class='av-milestone-indicator'><\/span><\/strong><\/h2><article class='av-milestone-content-wrap'><div class='av-milestone-contentbox'><header class=\"entry-content-header\"><h4 class='av-milestone-title '><span style=\"color: #9fb138;\">ESPECIALISTES EN DRET INTERNACIONAL<\/span><\/h4><\/header><div class='av-milestone-content'><p>Equip Consular del Consulat Brit\u00e0nic.<\/p>\n<\/div><\/div><footer class='av-milestone-article-footer entry-footer'><\/footer><\/article><div class=\"av-milestone-icon-wrap\"><span class='av-milestone-icon milestone_icon avia-font-entypo-fontello'><span class='av-milestone-icon-inner milestone_inner'><i class='milestone-char' aria-hidden='true' data-av_icon='\ue808' data-av_iconfont='entypo-fontello'><\/i><\/span><\/span><\/div><h2 class='av-milestone-date ' id='milestone-2000' ><strong>2000<span class='av-milestone-indicator'><\/span><\/strong><\/h2><\/li>\n<li  class='av-milestone av-av_timeline_item-11836ce041f1836d23c3bbe5cfc0c4ed av-animated-generic fade-in av-milestone-valign-baseline av-milestone-odd'><h2 class='av-milestone-date ' id='milestone-2002' ><strong>2002<span class='av-milestone-indicator'><\/span><\/strong><\/h2><div class=\"av-milestone-icon-wrap\"><span class='av-milestone-icon milestone_icon avia-font-entypo-fontello'><span class='av-milestone-icon-inner milestone_inner'><i class='milestone-char' aria-hidden='true' data-av_icon='\ue808' data-av_iconfont='entypo-fontello'><\/i><\/span><\/span><\/div><article class='av-milestone-content-wrap'><div class='av-milestone-contentbox'><header class=\"entry-content-header\"><h4 class='av-milestone-title '><span style=\"color: #9fb138;\">ESPECIALISTES EN DRET IMMOBILIARI<\/span><\/h4><\/header><div class='av-milestone-content'><\/div><\/div><footer class='av-milestone-article-footer entry-footer'><\/footer><\/article><\/li>\n<li  class='av-milestone av-av_timeline_item-1254d3720c2b3d02c6bb6fff08b1a890 av-animated-generic fade-in av-milestone-valign-baseline av-milestone-even'><h2 class='av-milestone-date ' id='milestone-2008' ><strong>2008<span class='av-milestone-indicator'><\/span><\/strong><\/h2><article class='av-milestone-content-wrap'><div class='av-milestone-contentbox'><header class=\"entry-content-header\"><h4 class='av-milestone-title '><span style=\"color: #9fb138;\">NEIX PRAGMA ADVOCATS<\/span><\/h4><\/header><div class='av-milestone-content'><p>Neix Pragma Advocats com un nou concepte de despatx. Ens convertim en especialistes de Fam\u00edlia (<strong>Membres de la SCAF), <\/strong>com tamb\u00e9 especialistes en her\u00e8ncies i successions.<\/p>\n<\/div><\/div><footer class='av-milestone-article-footer entry-footer'><\/footer><\/article><div class=\"av-milestone-icon-wrap\"><span class='av-milestone-icon milestone_icon avia-font-entypo-fontello'><span class='av-milestone-icon-inner milestone_inner'><i class='milestone-char' aria-hidden='true' data-av_icon='\ue844' data-av_iconfont='entypo-fontello'><\/i><\/span><\/span><\/div><h2 class='av-milestone-date ' id='milestone-2008' ><strong>2008<span class='av-milestone-indicator'><\/span><\/strong><\/h2><\/li>\n<li  class='av-milestone av-av_timeline_item-657ca84bdd17441412877e039c337f41 av-animated-generic fade-in av-milestone-valign-baseline av-milestone-odd'><h2 class='av-milestone-date ' id='milestone-2012' ><strong>2012<span class='av-milestone-indicator'><\/span><\/strong><\/h2><div class=\"av-milestone-icon-wrap\"><span class='av-milestone-icon milestone_icon avia-font-entypo-fontello'><span class='av-milestone-icon-inner milestone_inner'><i class='milestone-char' aria-hidden='true' data-av_icon='\ue82b' data-av_iconfont='entypo-fontello'><\/i><\/span><\/span><\/div><article class='av-milestone-content-wrap'><div class='av-milestone-contentbox'><header class=\"entry-content-header\"><h4 class='av-milestone-title '><span style=\"color: #9fb138;\">GUANYEM EL PRIMER CAS DE PREFERENTS DE TOT L\u2019ESTAT ESPANYOL<\/span><\/h4><\/header><div class='av-milestone-content'><p>Pragma Advocats va ser el primer bufet d&#8217;advocats de tot l&#8217;estat espa\u00f1ol, que va guanyar la primera demanda judicial en el jutjat n\u00famero 1 de Matar\u00f3 on un jutge va dictaminar que CAIXA LAIETANA havia de retornar la totalitat de l&#8217;estafa als demandats.<\/p>\n<\/div><\/div><footer class='av-milestone-article-footer entry-footer'><\/footer><\/article><\/li>\n<li  class='av-milestone av-av_timeline_item-beb4888fb01e271b1d66e0225dc6e540 av-animated-generic fade-in av-milestone-valign-baseline av-milestone-even'><h2 class='av-milestone-date ' id='milestone-2018' ><strong>2018<span class='av-milestone-indicator'><\/span><\/strong><\/h2><article class='av-milestone-content-wrap'><div class='av-milestone-contentbox'><header class=\"entry-content-header\"><h4 class='av-milestone-title '><span style=\"color: #9fb138;\">DES\u00c8 ANIVERSARI DEL BUFET<\/span><\/h4><\/header><div class='av-milestone-content'><p>10\u00ba aniversari del despatx Pragma Advocats: 10 anys ajudant i assessorant a persones i empreses, sempre amb la m\u00e0xima serietat en la defensa dels seus interessos a trav\u00e9s d&#8217;un tracte amable, profesional i molt cordial. Estem aqu\u00ed per defensar-vos!<\/p>\n<\/div><\/div><footer class='av-milestone-article-footer entry-footer'><\/footer><\/article><div class=\"av-milestone-icon-wrap\"><span class='av-milestone-icon milestone_icon avia-font-entypo-fontello'><span class='av-milestone-icon-inner milestone_inner'><i class='milestone-char' aria-hidden='true' data-av_icon='\ue808' data-av_iconfont='entypo-fontello'><\/i><\/span><\/span><\/div><h2 class='av-milestone-date ' id='milestone-2018' ><strong>2018<span class='av-milestone-indicator'><\/span><\/strong><\/h2><\/li>\n<\/ul><\/div>\n","protected":false},"excerpt":{"rendered":"","protected":false},"author":2,"featured_media":0,"parent":0,"menu_order":0,"comment_status":"closed","ping_status":"closed","template":"","meta":{"_joinchat":[],"footnotes":""},"class_list":["post-717","page","type-page","status-publish","hentry"],"yoast_head":"<!-- This site is optimized with the Yoast SEO plugin v27.5 - https:\/\/yoast.com\/product\/yoast-seo-wordpress\/ -->\n<title>Hist\u00f2ria empresarial - Pragma Advocats<\/title>\n<meta name=\"robots\" content=\"index, follow, max-snippet:-1, max-image-preview:large, max-video-preview:-1\" \/>\n<link rel=\"canonical\" href=\"https:\/\/pragma-advocats.com\/ca\/historia-empresarial\/\" \/>\n<meta property=\"og:locale\" content=\"ca_ES\" \/>\n<meta property=\"og:type\" content=\"article\" \/>\n<meta property=\"og:title\" content=\"Hist\u00f2ria empresarial - Pragma Advocats\" \/>\n<meta property=\"og:url\" content=\"https:\/\/pragma-advocats.com\/ca\/historia-empresarial\/\" \/>\n<meta property=\"og:site_name\" content=\"Pragma Advocats\" \/>\n<meta property=\"article:modified_time\" content=\"2021-03-04T12:14:39+00:00\" \/>\n<meta name=\"twitter:card\" content=\"summary_large_image\" \/>\n<meta name=\"twitter:site\" content=\"@pragmaadvocats\" \/>\n<meta name=\"twitter:label1\" content=\"Temps estimat de lectura\" \/>\n\t<meta name=\"twitter:data1\" content=\"2 minuts\" \/>\n<script type=\"application\/ld+json\" class=\"yoast-schema-graph\">{\"@context\":\"https:\\\/\\\/schema.org\",\"@graph\":[{\"@type\":\"WebPage\",\"@id\":\"https:\\\/\\\/pragma-advocats.com\\\/ca\\\/historia-empresarial\\\/\",\"url\":\"https:\\\/\\\/pragma-advocats.com\\\/ca\\\/historia-empresarial\\\/\",\"name\":\"Hist\u00f2ria empresarial - Pragma Advocats\",\"isPartOf\":{\"@id\":\"https:\\\/\\\/pragma-advocats.com\\\/#website\"},\"datePublished\":\"2021-01-27T14:43:29+00:00\",\"dateModified\":\"2021-03-04T12:14:39+00:00\",\"breadcrumb\":{\"@id\":\"https:\\\/\\\/pragma-advocats.com\\\/ca\\\/historia-empresarial\\\/#breadcrumb\"},\"inLanguage\":\"ca\",\"potentialAction\":[{\"@type\":\"ReadAction\",\"target\":[\"https:\\\/\\\/pragma-advocats.com\\\/ca\\\/historia-empresarial\\\/\"]}]},{\"@type\":\"BreadcrumbList\",\"@id\":\"https:\\\/\\\/pragma-advocats.com\\\/ca\\\/historia-empresarial\\\/#breadcrumb\",\"itemListElement\":[{\"@type\":\"ListItem\",\"position\":1,\"name\":\"Portada\",\"item\":\"https:\\\/\\\/pragma-advocats.com\\\/ca\\\/inici\\\/\"},{\"@type\":\"ListItem\",\"position\":2,\"name\":\"Hist\u00f2ria empresarial\"}]},{\"@type\":\"WebSite\",\"@id\":\"https:\\\/\\\/pragma-advocats.com\\\/#website\",\"url\":\"https:\\\/\\\/pragma-advocats.com\\\/\",\"name\":\"Pragma Advocats\",\"description\":\"Just another WordPress site\",\"potentialAction\":[{\"@type\":\"SearchAction\",\"target\":{\"@type\":\"EntryPoint\",\"urlTemplate\":\"https:\\\/\\\/pragma-advocats.com\\\/?s={search_term_string}\"},\"query-input\":{\"@type\":\"PropertyValueSpecification\",\"valueRequired\":true,\"valueName\":\"search_term_string\"}}],\"inLanguage\":\"ca\"}]}<\/script>\n<!-- \/ Yoast SEO plugin. -->","yoast_head_json":{"title":"Hist\u00f2ria empresarial - Pragma Advocats","robots":{"index":"index","follow":"follow","max-snippet":"max-snippet:-1","max-image-preview":"max-image-preview:large","max-video-preview":"max-video-preview:-1"},"canonical":"https:\/\/pragma-advocats.com\/ca\/historia-empresarial\/","og_locale":"ca_ES","og_type":"article","og_title":"Hist\u00f2ria empresarial - Pragma Advocats","og_url":"https:\/\/pragma-advocats.com\/ca\/historia-empresarial\/","og_site_name":"Pragma Advocats","article_modified_time":"2021-03-04T12:14:39+00:00","twitter_card":"summary_large_image","twitter_site":"@pragmaadvocats","twitter_misc":{"Temps estimat de lectura":"2 minuts"},"schema":{"@context":"https:\/\/schema.org","@graph":[{"@type":"WebPage","@id":"https:\/\/pragma-advocats.com\/ca\/historia-empresarial\/","url":"https:\/\/pragma-advocats.com\/ca\/historia-empresarial\/","name":"Hist\u00f2ria empresarial - Pragma Advocats","isPartOf":{"@id":"https:\/\/pragma-advocats.com\/#website"},"datePublished":"2021-01-27T14:43:29+00:00","dateModified":"2021-03-04T12:14:39+00:00","breadcrumb":{"@id":"https:\/\/pragma-advocats.com\/ca\/historia-empresarial\/#breadcrumb"},"inLanguage":"ca","potentialAction":[{"@type":"ReadAction","target":["https:\/\/pragma-advocats.com\/ca\/historia-empresarial\/"]}]},{"@type":"BreadcrumbList","@id":"https:\/\/pragma-advocats.com\/ca\/historia-empresarial\/#breadcrumb","itemListElement":[{"@type":"ListItem","position":1,"name":"Portada","item":"https:\/\/pragma-advocats.com\/ca\/inici\/"},{"@type":"ListItem","position":2,"name":"Hist\u00f2ria empresarial"}]},{"@type":"WebSite","@id":"https:\/\/pragma-advocats.com\/#website","url":"https:\/\/pragma-advocats.com\/","name":"Pragma Advocats","description":"Just another WordPress site","potentialAction":[{"@type":"SearchAction","target":{"@type":"EntryPoint","urlTemplate":"https:\/\/pragma-advocats.com\/?s={search_term_string}"},"query-input":{"@type":"PropertyValueSpecification","valueRequired":true,"valueName":"search_term_string"}}],"inLanguage":"ca"}]}},"_links":{"self":[{"href":"https:\/\/pragma-advocats.com\/ca\/wp-json\/wp\/v2\/pages\/717","targetHints":{"allow":["GET"]}}],"collection":[{"href":"https:\/\/pragma-advocats.com\/ca\/wp-json\/wp\/v2\/pages"}],"about":[{"href":"https:\/\/pragma-advocats.com\/ca\/wp-json\/wp\/v2\/types\/page"}],"author":[{"embeddable":true,"href":"https:\/\/pragma-advocats.com\/ca\/wp-json\/wp\/v2\/users\/2"}],"replies":[{"embeddable":true,"href":"https:\/\/pragma-advocats.com\/ca\/wp-json\/wp\/v2\/comments?post=717"}],"version-history":[{"count":0,"href":"https:\/\/pragma-advocats.com\/ca\/wp-json\/wp\/v2\/pages\/717\/revisions"}],"wp:attachment":[{"href":"https:\/\/pragma-advocats.com\/ca\/wp-json\/wp\/v2\/media?parent=717"}],"curies":[{"name":"wp","href":"https:\/\/api.w.org\/{rel}","templated":true}]}}