{"id":904,"date":"2021-02-25T12:05:34","date_gmt":"2021-02-25T12:05:34","guid":{"rendered":"https:\/\/pragma.clonica.net\/?page_id=904"},"modified":"2021-02-25T12:05:34","modified_gmt":"2021-02-25T12:05:34","slug":"politica-de-privacitat","status":"publish","type":"page","link":"https:\/\/pragma-advocats.com\/ca\/politica-de-privacitat\/","title":{"rendered":"Pol\u00edtica de privacitat"},"content":{"rendered":"<p><strong>1. INFORMACI\u00d3 A L\u2019USUARI<\/strong><\/p>\n<p><strong>PRAGMA ADVOCATS SCP<\/strong>,\u00a0des d\u2019ara RESPONSABLE, \u00e9s el Responsable del Tractament de les dades personals de l\u2019Usuari i l\u2019informa que aquestes dades seran tractades de conformitat amb el que disposa el Reglament (UE) 2016\/679 de 27 d\u2019abril de 2016 (GDPR) relatiu a la protecci\u00f3 de les persones f\u00edsiques pel que fa al tractament de dades personals i a la lliure circulaci\u00f3 d\u2019aquestes dades, pel que se li facilita la seg\u00fcent informaci\u00f3 del tractament:<\/p>\n<p><strong>Fi del tractament<\/strong>: mantenir una relaci\u00f3 comercial amb l\u2019Usuari.\u00a0Les operacions previstes per realitzar el tractament s\u00f3n:<\/p>\n<ul>\n<li>Remissi\u00f3 de comunicacions comercials publicit\u00e0ries per email, fax, SMS, MMS, comunitats socials o qualsevol altre mitj\u00e0 electr\u00f2nic o f\u00edsic, present o futur, que possibiliti realitzar comunicacions comercials. Aquestes comunicacions seran realitzades pel RESPONSABLE i relacionades sobre els seus productes i serveis, o dels seus col\u00b7laboradors o prove\u00efdors amb els que aquest hagi arribat a algun acord de promoci\u00f3. En aquest cas, els tercers mai tindran acc\u00e9s a les dades personals.<\/li>\n<li>Realitzar estudis estad\u00edstics.<\/li>\n<li>Tramitar enc\u00e0rrecs de peticions o qualsevol tipus de petici\u00f3 que sigui realitzada per l\u2019usuari a trav\u00e9s de qualsevol de les formes de contacte que es posen a la seva disposici\u00f3.<\/li>\n<li>Remetre el butllet\u00ed de not\u00edcies de la p\u00e0gina web.<\/li>\n<\/ul>\n<p><strong>Base jur\u00eddica del tractament<\/strong>: consentiment de l\u2019interessat.<\/p>\n<p><strong>Criteris de conservaci\u00f3 de les dades<\/strong>: es conservaran durant no m\u00e9s temps del necessari per mantenir la fi del tractament i quan ja no sigui necessari per a tal fi, es suprimiran amb mesures de seguretat adequades per garantir la pseudonimitzaci\u00f3 de les dades o la destrucci\u00f3 total de les mateixes.<\/p>\n<p><strong>Comunicaci\u00f3 de les dades<\/strong>: No es comunicaran les dades a tercers, excepte per obligaci\u00f3 legal.<\/p>\n<p><strong>Drets que assisteixen l\u2019Usuari<\/strong>:<\/p>\n<ul>\n<li>Dret a retirar el consentiment en qualsevol moment.<\/li>\n<li>Dret d\u2019acc\u00e9s, rectificaci\u00f3, portabilitat\u00a0i supressi\u00f3 de les seves dades i de la limitaci\u00f3 o oposici\u00f3 al seu tractament.Dret d\u2019acc\u00e9s, rectificaci\u00f3, portabilitat\u00a0i supressi\u00f3 de les seves dades i de la limitaci\u00f3 o oposici\u00f3 al seu tractament.<\/li>\n<li>Dret a presentar una reclamaci\u00f3 davant l\u2019Autoritat de Control (www.aepd.es) si considera que el tractament no s\u2019ajusta a la normativa vigent.<\/li>\n<\/ul>\n<p><strong>Dades de contacte per exercir els seus drets<\/strong>:<\/p>\n<p>PRAGMA ADVOCATS SCP. C\/ ALTAFULLA, 8 3 3 \u2013 08302 MATAR\u00d3 (Barcelona). Email: info@pragma-advocats.com<\/p>\n<p><strong>2. CAR\u00c0CTER OBLIGATORI O FACULTATIU DE LA INFORMACI\u00d3 FACILITADA PER L\u2019USUARI<\/strong><\/p>\n<p>Els Usuaris, mitjan\u00e7ant la marcaci\u00f3 de les caselles corresponents i entrada de dades en els camps, marcats amb un asterisc (*) en el formulari de contacte o presentats en formularis de desc\u00e0rrega, accepten expressament i de forma lliure i inequ\u00edvoca, que les seves dades s\u00f3n necess\u00e0ries per atendre la seva petici\u00f3, per part del prestador, sent volunt\u00e0ria la inclusi\u00f3 de dades en els camps restants. L\u2019Usuari garanteix que les dades personals facilitades al RESPONSABLE s\u00f3n veraces i es fa responsable de comunicar qualsevol modificaci\u00f3 de les mateixes.<\/p>\n<p>El RESPONSABLE informa i garanteix expressament als usuaris que les seves dades personals no seran cedides en cap cas a tercers, i que sempre que realitz\u00e9s algun tipus de cessi\u00f3 de dades personals, es demanar\u00e0 pr\u00e8viament el consentiment expr\u00e9s, informat i inequ\u00edvoc per part dels Usuaris. Totes les dades sol\u00b7licitades a trav\u00e9s del lloc web s\u00f3n obligatoris, ja que s\u00f3n necessaris per a la prestaci\u00f3 d\u2019un servei \u00f2ptim a l\u2019usuari. En cas que no siguin facilitades totes les dades, no es garanteix que la informaci\u00f3 i serveis facilitats siguin completament ajustats a les seves necessitats.<\/p>\n<p><strong>3. MESURES DE SEGURETAT<\/strong><\/p>\n<p>Que de conformitat amb el que disposen les normatives vigents en protecci\u00f3 de dades personals, el RESPONSABLE est\u00e0 complint amb totes les disposicions de les normatives GDPR per al tractament de les dades personals de la seva responsabilitat, i manifestament amb els principis descrits a l\u2019article 5 de l\u2019GDPR, pels qual s\u00f3n tractats de manera l\u00edcita, lleial i transparent en relaci\u00f3 amb l\u2019interessat i adequades, pertinents i limitats al que necessari en relaci\u00f3 amb els fins per als quals s\u00f3n tractats.<\/p>\n<p>El RESPONSABLE garanteix que ha implementat pol\u00edtiques t\u00e8cniques i organitzatives apropiades per aplicar les mesures de seguretat que estableixen l\u2019GDPR per tal de protegir els drets i llibertats dels Usuaris i els ha comunicat la informaci\u00f3 adequada perqu\u00e8 puguin exercir-los.<\/p>\n","protected":false},"excerpt":{"rendered":"<p>1. INFORMACI\u00d3 A L\u2019USUARI PRAGMA ADVOCATS SCP,\u00a0des d\u2019ara RESPONSABLE, \u00e9s el Responsable del Tractament de les dades personals de l\u2019Usuari i l\u2019informa que aquestes dades seran tractades de conformitat amb el que disposa el Reglament (UE) 2016\/679 de 27 d\u2019abril de 2016 (GDPR) relatiu a la protecci\u00f3 de les persones f\u00edsiques pel que fa al [&hellip;]<\/p>\n","protected":false},"author":2,"featured_media":0,"parent":0,"menu_order":0,"comment_status":"closed","ping_status":"closed","template":"","meta":{"_joinchat":[],"footnotes":""},"class_list":["post-904","page","type-page","status-publish","hentry"],"yoast_head":"<!-- This site is optimized with the Yoast SEO plugin v27.5 - https:\/\/yoast.com\/product\/yoast-seo-wordpress\/ -->\n<title>Pol\u00edtica de privacitat - Pragma Advocats<\/title>\n<meta name=\"robots\" content=\"index, follow, max-snippet:-1, max-image-preview:large, max-video-preview:-1\" \/>\n<link rel=\"canonical\" href=\"https:\/\/pragma-advocats.com\/ca\/politica-de-privacitat\/\" \/>\n<meta property=\"og:locale\" content=\"ca_ES\" \/>\n<meta property=\"og:type\" content=\"article\" \/>\n<meta property=\"og:title\" content=\"Pol\u00edtica de privacitat - Pragma Advocats\" \/>\n<meta property=\"og:description\" content=\"1. INFORMACI\u00d3 A L\u2019USUARI PRAGMA ADVOCATS SCP,\u00a0des d\u2019ara RESPONSABLE, \u00e9s el Responsable del Tractament de les dades personals de l\u2019Usuari i l\u2019informa que aquestes dades seran tractades de conformitat amb el que disposa el Reglament (UE) 2016\/679 de 27 d\u2019abril de 2016 (GDPR) relatiu a la protecci\u00f3 de les persones f\u00edsiques pel que fa al [&hellip;]\" \/>\n<meta property=\"og:url\" content=\"https:\/\/pragma-advocats.com\/ca\/politica-de-privacitat\/\" \/>\n<meta property=\"og:site_name\" content=\"Pragma Advocats\" \/>\n<meta name=\"twitter:card\" content=\"summary_large_image\" \/>\n<meta name=\"twitter:site\" content=\"@pragmaadvocats\" \/>\n<meta name=\"twitter:label1\" content=\"Temps estimat de lectura\" \/>\n\t<meta name=\"twitter:data1\" content=\"4 minuts\" \/>\n<script type=\"application\/ld+json\" class=\"yoast-schema-graph\">{\"@context\":\"https:\\\/\\\/schema.org\",\"@graph\":[{\"@type\":\"WebPage\",\"@id\":\"https:\\\/\\\/pragma-advocats.com\\\/ca\\\/politica-de-privacitat\\\/\",\"url\":\"https:\\\/\\\/pragma-advocats.com\\\/ca\\\/politica-de-privacitat\\\/\",\"name\":\"Pol\u00edtica de privacitat - Pragma Advocats\",\"isPartOf\":{\"@id\":\"https:\\\/\\\/pragma-advocats.com\\\/#website\"},\"datePublished\":\"2021-02-25T12:05:34+00:00\",\"breadcrumb\":{\"@id\":\"https:\\\/\\\/pragma-advocats.com\\\/ca\\\/politica-de-privacitat\\\/#breadcrumb\"},\"inLanguage\":\"ca\",\"potentialAction\":[{\"@type\":\"ReadAction\",\"target\":[\"https:\\\/\\\/pragma-advocats.com\\\/ca\\\/politica-de-privacitat\\\/\"]}]},{\"@type\":\"BreadcrumbList\",\"@id\":\"https:\\\/\\\/pragma-advocats.com\\\/ca\\\/politica-de-privacitat\\\/#breadcrumb\",\"itemListElement\":[{\"@type\":\"ListItem\",\"position\":1,\"name\":\"Portada\",\"item\":\"https:\\\/\\\/pragma-advocats.com\\\/ca\\\/inici\\\/\"},{\"@type\":\"ListItem\",\"position\":2,\"name\":\"Pol\u00edtica de privacitat\"}]},{\"@type\":\"WebSite\",\"@id\":\"https:\\\/\\\/pragma-advocats.com\\\/#website\",\"url\":\"https:\\\/\\\/pragma-advocats.com\\\/\",\"name\":\"Pragma Advocats\",\"description\":\"Just another WordPress site\",\"potentialAction\":[{\"@type\":\"SearchAction\",\"target\":{\"@type\":\"EntryPoint\",\"urlTemplate\":\"https:\\\/\\\/pragma-advocats.com\\\/?s={search_term_string}\"},\"query-input\":{\"@type\":\"PropertyValueSpecification\",\"valueRequired\":true,\"valueName\":\"search_term_string\"}}],\"inLanguage\":\"ca\"}]}<\/script>\n<!-- \/ Yoast SEO plugin. -->","yoast_head_json":{"title":"Pol\u00edtica de privacitat - Pragma Advocats","robots":{"index":"index","follow":"follow","max-snippet":"max-snippet:-1","max-image-preview":"max-image-preview:large","max-video-preview":"max-video-preview:-1"},"canonical":"https:\/\/pragma-advocats.com\/ca\/politica-de-privacitat\/","og_locale":"ca_ES","og_type":"article","og_title":"Pol\u00edtica de privacitat - Pragma Advocats","og_description":"1. INFORMACI\u00d3 A L\u2019USUARI PRAGMA ADVOCATS SCP,\u00a0des d\u2019ara RESPONSABLE, \u00e9s el Responsable del Tractament de les dades personals de l\u2019Usuari i l\u2019informa que aquestes dades seran tractades de conformitat amb el que disposa el Reglament (UE) 2016\/679 de 27 d\u2019abril de 2016 (GDPR) relatiu a la protecci\u00f3 de les persones f\u00edsiques pel que fa al [&hellip;]","og_url":"https:\/\/pragma-advocats.com\/ca\/politica-de-privacitat\/","og_site_name":"Pragma Advocats","twitter_card":"summary_large_image","twitter_site":"@pragmaadvocats","twitter_misc":{"Temps estimat de lectura":"4 minuts"},"schema":{"@context":"https:\/\/schema.org","@graph":[{"@type":"WebPage","@id":"https:\/\/pragma-advocats.com\/ca\/politica-de-privacitat\/","url":"https:\/\/pragma-advocats.com\/ca\/politica-de-privacitat\/","name":"Pol\u00edtica de privacitat - Pragma Advocats","isPartOf":{"@id":"https:\/\/pragma-advocats.com\/#website"},"datePublished":"2021-02-25T12:05:34+00:00","breadcrumb":{"@id":"https:\/\/pragma-advocats.com\/ca\/politica-de-privacitat\/#breadcrumb"},"inLanguage":"ca","potentialAction":[{"@type":"ReadAction","target":["https:\/\/pragma-advocats.com\/ca\/politica-de-privacitat\/"]}]},{"@type":"BreadcrumbList","@id":"https:\/\/pragma-advocats.com\/ca\/politica-de-privacitat\/#breadcrumb","itemListElement":[{"@type":"ListItem","position":1,"name":"Portada","item":"https:\/\/pragma-advocats.com\/ca\/inici\/"},{"@type":"ListItem","position":2,"name":"Pol\u00edtica de privacitat"}]},{"@type":"WebSite","@id":"https:\/\/pragma-advocats.com\/#website","url":"https:\/\/pragma-advocats.com\/","name":"Pragma Advocats","description":"Just another WordPress site","potentialAction":[{"@type":"SearchAction","target":{"@type":"EntryPoint","urlTemplate":"https:\/\/pragma-advocats.com\/?s={search_term_string}"},"query-input":{"@type":"PropertyValueSpecification","valueRequired":true,"valueName":"search_term_string"}}],"inLanguage":"ca"}]}},"_links":{"self":[{"href":"https:\/\/pragma-advocats.com\/ca\/wp-json\/wp\/v2\/pages\/904","targetHints":{"allow":["GET"]}}],"collection":[{"href":"https:\/\/pragma-advocats.com\/ca\/wp-json\/wp\/v2\/pages"}],"about":[{"href":"https:\/\/pragma-advocats.com\/ca\/wp-json\/wp\/v2\/types\/page"}],"author":[{"embeddable":true,"href":"https:\/\/pragma-advocats.com\/ca\/wp-json\/wp\/v2\/users\/2"}],"replies":[{"embeddable":true,"href":"https:\/\/pragma-advocats.com\/ca\/wp-json\/wp\/v2\/comments?post=904"}],"version-history":[{"count":0,"href":"https:\/\/pragma-advocats.com\/ca\/wp-json\/wp\/v2\/pages\/904\/revisions"}],"wp:attachment":[{"href":"https:\/\/pragma-advocats.com\/ca\/wp-json\/wp\/v2\/media?parent=904"}],"curies":[{"name":"wp","href":"https:\/\/api.w.org\/{rel}","templated":true}]}}