{"id":910,"date":"2021-02-25T12:10:36","date_gmt":"2021-02-25T12:10:36","guid":{"rendered":"https:\/\/pragma.clonica.net\/?page_id=910"},"modified":"2021-02-25T12:10:36","modified_gmt":"2021-02-25T12:10:36","slug":"politica-de-cookies","status":"publish","type":"page","link":"https:\/\/pragma-advocats.com\/ca\/politica-de-cookies\/","title":{"rendered":"Pol\u00edtica de cookies"},"content":{"rendered":"<p>A causa de l\u2019entrada en vigor de la referent modificaci\u00f3 de la \u201cLlei de Serveis de la Societat de la Informaci\u00f3\u201d (LSSICE) establerta pel Reial Decret 13\/2012, \u00e9s d\u2019obligaci\u00f3 obtenir el consentiment expr\u00e9s de l\u2019usuari de totes les p\u00e0gines web que utilitzen\u00a0<em>cookies\u00a0<\/em>prescindibles,\u00a0abans que aquest navegui per elles.<\/p>\n<p><strong>QU\u00c8 S\u00d3N LES\u00a0<\/strong><em><strong>COOKIES<\/strong><\/em><strong>?<\/strong><\/p>\n<p>Les\u00a0<em>cookies\u00a0<\/em>i altres tecnologies similars tals com a<em>\u00a0local shared objects, flash cookies<\/em>\u00a0o p\u00edxels, s\u00f3n eines emprades pels servidors web per emmagatzemar i recuperar informaci\u00f3 sobre els seus visitants, aix\u00ed com per oferir un correcte funcionament del lloc.<\/p>\n<p>Mitjan\u00e7ant l\u2019\u00fas d\u2019aquests dispositius es permet al servidor web recordar algunes dades concernents a l\u2019usuari, com les seves prefer\u00e8ncies per a la visualitzaci\u00f3 de les p\u00e0gines d\u2019aquest servidor, nom i contrasenya, productes que m\u00e9s li interessen, etc.<\/p>\n<p><strong><em>COOKIES\u00a0<\/em><\/strong><strong>AFECTADES PER LA NORMATIVA I\u00a0<\/strong><em><strong>COOKIES\u00a0<\/strong><\/em><strong>EXEMPTES<\/strong><\/p>\n<p>Segons la directiva de la UE, les\u00a0<em>cookies\u00a0<\/em>que requereixen el consentiment informat per part de l\u2019usuari s\u00f3n les\u00a0<em>cookies\u00a0<\/em>d\u2019anal\u00edtica i les de publicitat i afiliaci\u00f3, quedant exceptuades les de car\u00e0cter t\u00e8cnic i les necess\u00e0ries per al funcionament del lloc web o la prestaci\u00f3 de serveis expressament demanats per l\u2019usuari.<\/p>\n<p><strong>QUIN TIPUS DE\u00a0<\/strong><em><strong>COOKIES\u00a0<\/strong><\/em><strong>HI HAN?<\/strong><\/p>\n<p>Sobre els tipus de galetes, hi ha cinc grans grups:<\/p>\n<ul>\n<li><em>Cookies\u00a0<\/em>anal\u00edtiques: recullen informaci\u00f3 de l\u2019\u00fas que es realitza del lloc web.<\/li>\n<li><em>Cookies\u00a0<\/em>socials: s\u00f3n aquelles necess\u00e0ries per a xarxes socials externes.<\/li>\n<li><em>Cookies\u00a0<\/em>d\u2019afiliats: permeten fer un seguiment de les visites procedents d\u2019altres webs, amb les que el lloc web estableix un contracte d\u2018afiliaci\u00f3 (empreses d\u2019afiliaci\u00f3).<\/li>\n<li><em>Cookies\u00a0<\/em>de publicitat i comportament: recullen informaci\u00f3 sobre les prefer\u00e8ncies i eleccions personals de l\u2019usuari (<em>retargeting<\/em>).<\/li>\n<li><em>Cookies\u00a0<\/em>t\u00e8cniques i funcionals: s\u00f3n les estrictament necess\u00e0ries per a l\u2019\u00fas del lloc web i per a la prestaci\u00f3 del servei contractat.<\/li>\n<\/ul>\n<p>&nbsp;<\/p>\n<p><strong>REVOCACI\u00d3 DEL CONSENTIMENT PER INSTAL\u00b7LAR COOKIES<\/strong><\/p>\n<p>COM ELIMINAR LES COOKIES DEL NAVEGADOR<\/p>\n<p><strong>Chrome<\/strong><\/p>\n<p>1. Seleccioneu la icona d\u2019Eines<br \/>\n2. Feu clic a Configuraci\u00f3.<br \/>\n3. Fes clic a Mostra Opcions Avan\u00e7ades.<br \/>\n4. A la secci\u00f3 \u201cPrivadesa\u201d feu clic a Configuraci\u00f3 de contingut.<br \/>\n\u2022 Suprimeix les galetes: Fes clic a Totes les galetes i dades del lloc \u2026<br \/>\n\u2022 No permetre que s\u2019emmagatzemin cookies.<br \/>\n5. Fes clic a Elimina les dades de navegaci\u00f3 (buidar la Mem\u00f2ria cau).<br \/>\n6. Tanca i reinicia el navegador.<\/p>\n<p>Per a m\u00e9s informaci\u00f3 sobre Chrome premi aqu\u00ed:<br \/>\n<a href=\"http:\/\/support.google.com\/chrome\/answer\/95647?hl=es\">http:\/\/support.google.com\/chrome\/answer\/95647?hl=es<\/a><\/p>\n<p><strong>Internet Explorer. Versi\u00f3 11<\/strong><\/p>\n<p>1. Selecciona Eines | Opcions d\u2019Internet.<br \/>\n2. Fes clic a la pestanya General.<br \/>\n3. A la secci\u00f3 \u201cHistorial de navegaci\u00f3\u201d, feu clic a Suprimeix l\u2019historial d\u2019exploraci\u00f3 al sortir.<br \/>\n4. Seleccionar Eliminar arxius.<br \/>\n5. Seleccionar Suprimeix les galetes.<br \/>\n6. Feu clic a Suprimeix.<br \/>\n7. Fes clic a D\u2019acord.<br \/>\n8. Tanca i reinicia el navegador.<\/p>\n<p>Per a m\u00e9s informaci\u00f3 sobre Internet Explorer premi aqu\u00ed:<br \/>\n<a href=\"http:\/\/windows.microsoft.com\/es-419\/windows7\/how-to-manage-cookies-in-internet-explorer-9\">http:\/\/windows.microsoft.com\/es-419\/windows7\/how-to-manage-cookies-in-internet-explorer-9<\/a><\/p>\n<p><strong>Firefox. Versi\u00f3 18<\/strong><\/p>\n<p>1. Selecciona Firefox | Historial | Neteja l\u2019historial recent.<br \/>\n2. Al costat de \u201cDetalls\u201d, fes clic a la fletxa cap avall.<br \/>\n3. Selecciona les seg\u00fcents caselles de verificaci\u00f3: galetes, Mem\u00f2ria cau, Inicis de sessi\u00f3 actius<br \/>\n4. Usant el \u201cPer\u00edode de temps per esborrar\u201d al men\u00fa desplegable, selecciona Tot.<br \/>\n5. Feu clic a Neteja ara.<br \/>\n6. Tanca i reinicia el navegador.<\/p>\n<p>Pot acceptar o rebutjar les galetes individualment en les Prefer\u00e8ncies de Firefox, a la secci\u00f3 Historial disponible a Eines&gt; Opcions&gt; Privadesa.<\/p>\n<p>Per a m\u00e9s informaci\u00f3 sobre Mozilla Firefox premi aqu\u00ed:<br \/>\n<a href=\"https:\/\/www.mozilla.org\/es-ES\/privacy\/websites\/#cookies\">https:\/\/www.mozilla.org\/es-ES\/privacy\/websites\/#cookies<\/a><\/p>\n<p><strong>Safari Versi\u00f3 5.1<\/strong><\/p>\n<p>1. Seleccioneu la icona de Safari \/ Edita | Restaura Safari.<br \/>\n2. Selecciona les seg\u00fcents caselles de verificaci\u00f3: Esborrar l\u2019historial, Eliminar totes les dades de lloc web<br \/>\n3. Fes clic a Restablir.<br \/>\n4. Tanca i reinicia el navegador.<\/p>\n<p>Per a m\u00e9s informaci\u00f3 sobre Safari premi aqu\u00ed:<br \/>\n<a href=\"https:\/\/www.apple.com\/legal\/privacy\/en-ww\/cookies\/\">https:\/\/www.apple.com\/legal\/privacy\/en-ww\/cookies\/<\/a><\/p>\n<p><strong>Opera<\/strong><\/p>\n<p>Opcions \u2013 Avan\u00e7at \u2013 Galetes.<br \/>\nLes opcions de cookies controlen la manera en qu\u00e8 Opera els gestiona i per tant la seva acceptaci\u00f3 o rebuig.<\/p>\n<p>Per a m\u00e9s informaci\u00f3 sobre \u00d2pera premi aqu\u00ed:<br \/>\n<a href=\"https:\/\/help.opera.com\/en\/latest\/security-and-privacy\/#clearBrowsingData\">https:\/\/help.opera.com\/en\/latest\/security-and-privacy\/#clearBrowsingData<\/a><\/p>\n<p><strong>Altres navegadors<\/strong><\/p>\n<p>Consulteu la documentaci\u00f3 del navegador que tingui instal\u00b7lat.<\/p>\n","protected":false},"excerpt":{"rendered":"<p>A causa de l\u2019entrada en vigor de la referent modificaci\u00f3 de la \u201cLlei de Serveis de la Societat de la Informaci\u00f3\u201d (LSSICE) establerta pel Reial Decret 13\/2012, \u00e9s d\u2019obligaci\u00f3 obtenir el consentiment expr\u00e9s de l\u2019usuari de totes les p\u00e0gines web que utilitzen\u00a0cookies\u00a0prescindibles,\u00a0abans que aquest navegui per elles. QU\u00c8 S\u00d3N LES\u00a0COOKIES? Les\u00a0cookies\u00a0i altres tecnologies similars tals [&hellip;]<\/p>\n","protected":false},"author":2,"featured_media":0,"parent":0,"menu_order":0,"comment_status":"closed","ping_status":"closed","template":"","meta":{"_joinchat":[],"footnotes":""},"class_list":["post-910","page","type-page","status-publish","hentry"],"yoast_head":"<!-- This site is optimized with the Yoast SEO plugin v27.5 - https:\/\/yoast.com\/product\/yoast-seo-wordpress\/ -->\n<title>Pol\u00edtica de cookies - Pragma Advocats<\/title>\n<meta name=\"robots\" content=\"index, follow, max-snippet:-1, max-image-preview:large, max-video-preview:-1\" \/>\n<link rel=\"canonical\" href=\"https:\/\/pragma-advocats.com\/ca\/politica-de-cookies\/\" \/>\n<meta property=\"og:locale\" content=\"ca_ES\" \/>\n<meta property=\"og:type\" content=\"article\" \/>\n<meta property=\"og:title\" content=\"Pol\u00edtica de cookies - Pragma Advocats\" \/>\n<meta property=\"og:description\" content=\"A causa de l\u2019entrada en vigor de la referent modificaci\u00f3 de la \u201cLlei de Serveis de la Societat de la Informaci\u00f3\u201d (LSSICE) establerta pel Reial Decret 13\/2012, \u00e9s d\u2019obligaci\u00f3 obtenir el consentiment expr\u00e9s de l\u2019usuari de totes les p\u00e0gines web que utilitzen\u00a0cookies\u00a0prescindibles,\u00a0abans que aquest navegui per elles. QU\u00c8 S\u00d3N LES\u00a0COOKIES? Les\u00a0cookies\u00a0i altres tecnologies similars tals [&hellip;]\" \/>\n<meta property=\"og:url\" content=\"https:\/\/pragma-advocats.com\/ca\/politica-de-cookies\/\" \/>\n<meta property=\"og:site_name\" content=\"Pragma Advocats\" \/>\n<meta name=\"twitter:card\" content=\"summary_large_image\" \/>\n<meta name=\"twitter:site\" content=\"@pragmaadvocats\" \/>\n<meta name=\"twitter:label1\" content=\"Temps estimat de lectura\" \/>\n\t<meta name=\"twitter:data1\" content=\"3 minuts\" \/>\n<script type=\"application\/ld+json\" class=\"yoast-schema-graph\">{\"@context\":\"https:\\\/\\\/schema.org\",\"@graph\":[{\"@type\":\"WebPage\",\"@id\":\"https:\\\/\\\/pragma-advocats.com\\\/ca\\\/politica-de-cookies\\\/\",\"url\":\"https:\\\/\\\/pragma-advocats.com\\\/ca\\\/politica-de-cookies\\\/\",\"name\":\"Pol\u00edtica de cookies - Pragma Advocats\",\"isPartOf\":{\"@id\":\"https:\\\/\\\/pragma-advocats.com\\\/#website\"},\"datePublished\":\"2021-02-25T12:10:36+00:00\",\"breadcrumb\":{\"@id\":\"https:\\\/\\\/pragma-advocats.com\\\/ca\\\/politica-de-cookies\\\/#breadcrumb\"},\"inLanguage\":\"ca\",\"potentialAction\":[{\"@type\":\"ReadAction\",\"target\":[\"https:\\\/\\\/pragma-advocats.com\\\/ca\\\/politica-de-cookies\\\/\"]}]},{\"@type\":\"BreadcrumbList\",\"@id\":\"https:\\\/\\\/pragma-advocats.com\\\/ca\\\/politica-de-cookies\\\/#breadcrumb\",\"itemListElement\":[{\"@type\":\"ListItem\",\"position\":1,\"name\":\"Portada\",\"item\":\"https:\\\/\\\/pragma-advocats.com\\\/ca\\\/inici\\\/\"},{\"@type\":\"ListItem\",\"position\":2,\"name\":\"Pol\u00edtica de cookies\"}]},{\"@type\":\"WebSite\",\"@id\":\"https:\\\/\\\/pragma-advocats.com\\\/#website\",\"url\":\"https:\\\/\\\/pragma-advocats.com\\\/\",\"name\":\"Pragma Advocats\",\"description\":\"Just another WordPress site\",\"potentialAction\":[{\"@type\":\"SearchAction\",\"target\":{\"@type\":\"EntryPoint\",\"urlTemplate\":\"https:\\\/\\\/pragma-advocats.com\\\/?s={search_term_string}\"},\"query-input\":{\"@type\":\"PropertyValueSpecification\",\"valueRequired\":true,\"valueName\":\"search_term_string\"}}],\"inLanguage\":\"ca\"}]}<\/script>\n<!-- \/ Yoast SEO plugin. -->","yoast_head_json":{"title":"Pol\u00edtica de cookies - Pragma Advocats","robots":{"index":"index","follow":"follow","max-snippet":"max-snippet:-1","max-image-preview":"max-image-preview:large","max-video-preview":"max-video-preview:-1"},"canonical":"https:\/\/pragma-advocats.com\/ca\/politica-de-cookies\/","og_locale":"ca_ES","og_type":"article","og_title":"Pol\u00edtica de cookies - Pragma Advocats","og_description":"A causa de l\u2019entrada en vigor de la referent modificaci\u00f3 de la \u201cLlei de Serveis de la Societat de la Informaci\u00f3\u201d (LSSICE) establerta pel Reial Decret 13\/2012, \u00e9s d\u2019obligaci\u00f3 obtenir el consentiment expr\u00e9s de l\u2019usuari de totes les p\u00e0gines web que utilitzen\u00a0cookies\u00a0prescindibles,\u00a0abans que aquest navegui per elles. QU\u00c8 S\u00d3N LES\u00a0COOKIES? Les\u00a0cookies\u00a0i altres tecnologies similars tals [&hellip;]","og_url":"https:\/\/pragma-advocats.com\/ca\/politica-de-cookies\/","og_site_name":"Pragma Advocats","twitter_card":"summary_large_image","twitter_site":"@pragmaadvocats","twitter_misc":{"Temps estimat de lectura":"3 minuts"},"schema":{"@context":"https:\/\/schema.org","@graph":[{"@type":"WebPage","@id":"https:\/\/pragma-advocats.com\/ca\/politica-de-cookies\/","url":"https:\/\/pragma-advocats.com\/ca\/politica-de-cookies\/","name":"Pol\u00edtica de cookies - Pragma Advocats","isPartOf":{"@id":"https:\/\/pragma-advocats.com\/#website"},"datePublished":"2021-02-25T12:10:36+00:00","breadcrumb":{"@id":"https:\/\/pragma-advocats.com\/ca\/politica-de-cookies\/#breadcrumb"},"inLanguage":"ca","potentialAction":[{"@type":"ReadAction","target":["https:\/\/pragma-advocats.com\/ca\/politica-de-cookies\/"]}]},{"@type":"BreadcrumbList","@id":"https:\/\/pragma-advocats.com\/ca\/politica-de-cookies\/#breadcrumb","itemListElement":[{"@type":"ListItem","position":1,"name":"Portada","item":"https:\/\/pragma-advocats.com\/ca\/inici\/"},{"@type":"ListItem","position":2,"name":"Pol\u00edtica de cookies"}]},{"@type":"WebSite","@id":"https:\/\/pragma-advocats.com\/#website","url":"https:\/\/pragma-advocats.com\/","name":"Pragma Advocats","description":"Just another WordPress site","potentialAction":[{"@type":"SearchAction","target":{"@type":"EntryPoint","urlTemplate":"https:\/\/pragma-advocats.com\/?s={search_term_string}"},"query-input":{"@type":"PropertyValueSpecification","valueRequired":true,"valueName":"search_term_string"}}],"inLanguage":"ca"}]}},"_links":{"self":[{"href":"https:\/\/pragma-advocats.com\/ca\/wp-json\/wp\/v2\/pages\/910","targetHints":{"allow":["GET"]}}],"collection":[{"href":"https:\/\/pragma-advocats.com\/ca\/wp-json\/wp\/v2\/pages"}],"about":[{"href":"https:\/\/pragma-advocats.com\/ca\/wp-json\/wp\/v2\/types\/page"}],"author":[{"embeddable":true,"href":"https:\/\/pragma-advocats.com\/ca\/wp-json\/wp\/v2\/users\/2"}],"replies":[{"embeddable":true,"href":"https:\/\/pragma-advocats.com\/ca\/wp-json\/wp\/v2\/comments?post=910"}],"version-history":[{"count":0,"href":"https:\/\/pragma-advocats.com\/ca\/wp-json\/wp\/v2\/pages\/910\/revisions"}],"wp:attachment":[{"href":"https:\/\/pragma-advocats.com\/ca\/wp-json\/wp\/v2\/media?parent=910"}],"curies":[{"name":"wp","href":"https:\/\/api.w.org\/{rel}","templated":true}]}}